{"id":793,"date":"2023-11-15T18:53:01","date_gmt":"2023-11-15T18:53:01","guid":{"rendered":"https:\/\/misionerasdelacaridad.avir.consulting\/?page_id=793"},"modified":"2025-10-02T16:23:35","modified_gmt":"2025-10-02T16:23:35","slug":"causa-de-canonizacion","status":"publish","type":"page","link":"https:\/\/misionerasdelacaridad.avir.consulting\/?page_id=793","title":{"rendered":"Causa de Canonizaci\u00f3n"},"content":{"rendered":"<p>[et_pb_section fb_built=&#8221;1&#8243; admin_label=&#8221;About&#8221; _builder_version=&#8221;4.27.2&#8243; background_enable_color=&#8221;off&#8221; use_background_color_gradient=&#8221;on&#8221; background_color_gradient_direction=&#8221;90deg&#8221; background_color_gradient_stops=&#8221;#c8fdff 0%|#8ee0e2 100%&#8221; background_color_gradient_start=&#8221;#c8fdff&#8221; background_color_gradient_end=&#8221;#8ee0e2&#8243; background_enable_image=&#8221;off&#8221; min_height=&#8221;1764.1px&#8221; custom_margin=&#8221;160px||230px||false|false&#8221; custom_margin_tablet=&#8221;60px||||false|false&#8221; custom_margin_phone=&#8221;&#8221; custom_margin_last_edited=&#8221;on|phone&#8221; locked=&#8221;off&#8221; global_colors_info=&#8221;{}&#8221;][et_pb_row column_structure=&#8221;2_5,3_5&#8243; use_custom_gutter=&#8221;on&#8221; gutter_width=&#8221;2&#8243; custom_padding_last_edited=&#8221;off|desktop&#8221; _builder_version=&#8221;4.23.4&#8243; width=&#8221;85%&#8221; max_width=&#8221;1280px&#8221; custom_margin=&#8221;-140px|auto|-226px|auto|false|false&#8221; custom_padding_tablet=&#8221;|40px||40px|false|true&#8221; custom_padding_phone=&#8221;|20px||20px|false|true&#8221; background_last_edited=&#8221;off|desktop&#8221; background_enable_image_tablet=&#8221;off&#8221; global_colors_info=&#8221;{}&#8221;][et_pb_column type=&#8221;2_5&#8243; _builder_version=&#8221;4.16&#8243; global_colors_info=&#8221;{}&#8221;][et_pb_image src=&#8221;https:\/\/misionerasdelacaridad.avir.consulting\/wp-content\/uploads\/2025\/09\/Separador-oficial.jpg&#8221; title_text=&#8221;Separador oficial&#8221; _builder_version=&#8221;4.27.2&#8243; transform_translate_linked=&#8221;off&#8221; max_width_tablet=&#8221;400px&#8221; max_width_phone=&#8221;&#8221; max_width_last_edited=&#8221;on|desktop&#8221; custom_margin=&#8221;40px|-200px||-45px|false|false&#8221; border_radii=&#8221;on|6px|6px|6px|6px&#8221; box_shadow_style=&#8221;preset1&#8243; locked=&#8221;off&#8221; global_colors_info=&#8221;{}&#8221;][\/et_pb_image][\/et_pb_column][et_pb_column type=&#8221;3_5&#8243; _builder_version=&#8221;4.23.1&#8243; background_color=&#8221;#ffffff&#8221; custom_padding=&#8221;|40px|80px|40px|false|true&#8221; custom_padding_tablet=&#8221;40px|0px|40px||true|false&#8221; custom_padding_phone=&#8221;&#8221; custom_padding_last_edited=&#8221;on|tablet&#8221; box_shadow_style=&#8221;preset2&#8243; box_shadow_color=&#8221;rgba(56,21,11,0.09)&#8221; global_colors_info=&#8221;{}&#8221;][et_pb_text _builder_version=&#8221;4.25.1&#8243; text_font=&#8221;&#8211;et_global_heading_font|800|||||||&#8221; text_text_color=&#8221;#0C71C3&#8243; text_font_size=&#8221;45px&#8221; header_2_font=&#8221;Abel||||||||&#8221; header_2_font_size=&#8221;70px&#8221; header_2_letter_spacing=&#8221;3px&#8221; header_2_line_height=&#8221;1.2em&#8221; max_width=&#8221;800px&#8221; header_2_font_size_tablet=&#8221;38px&#8221; header_2_font_size_phone=&#8221;26px&#8221; header_2_font_size_last_edited=&#8221;on|tablet&#8221; header_2_letter_spacing_tablet=&#8221;1px&#8221; header_2_letter_spacing_phone=&#8221;0px&#8221; header_2_letter_spacing_last_edited=&#8221;on|desktop&#8221; locked=&#8221;off&#8221; global_colors_info=&#8221;{}&#8221;]<\/p>\n<p>Causa de Canonizaci\u00f3n<\/p>\n<p>[\/et_pb_text][et_pb_divider color=&#8221;#ffd4a3&#8243; divider_weight=&#8221;2px&#8221; _builder_version=&#8221;4.16&#8243; width=&#8221;100px&#8221; custom_margin=&#8221;||0px|-70px|false|false&#8221; locked=&#8221;off&#8221; global_colors_info=&#8221;{}&#8221;][\/et_pb_divider][et_pb_text _builder_version=&#8221;4.25.1&#8243; text_font=&#8221;Montserrat||||||||&#8221; text_font_size=&#8221;18px&#8221; text_line_height=&#8221;1.8em&#8221; max_width=&#8221;600px&#8221; text_font_size_tablet=&#8221;&#8221; text_font_size_phone=&#8221;14px&#8221; text_font_size_last_edited=&#8221;on|phone&#8221; text_line_height_tablet=&#8221;&#8221; text_line_height_phone=&#8221;1.6em&#8221; text_line_height_last_edited=&#8221;on|desktop&#8221; locked=&#8221;off&#8221; global_colors_info=&#8221;{}&#8221;]<\/p>\n<p><strong><span dir=\"auto\" style=\"vertical-align: inherit;\"><span dir=\"auto\" style=\"vertical-align: inherit;\"><span dir=\"auto\" style=\"vertical-align: inherit;\"><span dir=\"auto\" style=\"vertical-align: inherit;\"><span dir=\"auto\" style=\"vertical-align: inherit;\"><span dir=\"auto\" style=\"vertical-align: inherit;\">BEATO\u00a0 MOIS\u00c9S LIRA SERAF\u00cdN, MISIONERO DEL ESP\u00cdRITU SANTO Y FUNDADOR DE LAS MISIONERAS DE LA CARIDAD DE MAR\u00cdA INMACULADA <\/span><\/span><\/span><\/span><\/span><\/span><\/strong><b style=\"font-size: 18px;\"><span dir=\"auto\" style=\"vertical-align: inherit;\"><span dir=\"auto\" style=\"vertical-align: inherit;\"><span dir=\"auto\" style=\"vertical-align: inherit;\"><span dir=\"auto\" style=\"vertical-align: inherit;\"><span dir=\"auto\" style=\"vertical-align: inherit;\"><span dir=\"auto\" style=\"vertical-align: inherit;\">.<\/span><\/span><\/span><\/span><\/span><\/span><\/b><\/p>\n<p><b style=\"font-size: 18px;\"><\/b><\/p>\n<p style=\"text-align: justify;\"><span>El beato Padre Mois\u00e9s Lira Seraf\u00edn, conocido como \u201cel Ap\u00f3stol de la Bondad\u201d, vivi\u00f3 la espiritualidad de la Cruz como hijo peque\u00f1o, abandonado y confiado en los brazos de su Padre Celestial, en ofrenda continua a su voluntad con sencillez y alegr\u00eda. El 25 de junio de 1950 muere en olor de santidad.\u00a0<\/span><\/p>\n<p style=\"text-align: justify;\"><span>La causa de canonizaci\u00f3n inici\u00f3 el 4 de febrero del 2000 en la Arquidi\u00f3cesis de M\u00e9xico; un a\u00f1o despu\u00e9s, terminado el Proceso Diocesano, el Trasunto fue enviado a Roma, dando inicio a la fase romana del Proceso.\u00a0<\/span><\/p>\n<p style=\"text-align: justify;\"><span>Habiendo obtenido el Decreto de Validez, en 2008 se entreg\u00f3 la\u00a0<em>positio\u00a0<\/em>a la Congregaci\u00f3n de la Causa de los Santos, en Roma. En 2011 se llev\u00f3 a cabo la discusi\u00f3n por parte de los consultores te\u00f3logos y un a\u00f1o m\u00e1s tarde fue el Consistorio: de Obispos y Cardenales.<\/span><\/p>\n<p style=\"text-align: justify;\"><span>El 27 de marzo de 2013, el Papa Francisco reconoci\u00f3 la vivencia de las virtudes heroicas del padre Mois\u00e9s, recibiendo el t\u00edtulo eclesi\u00e1stico de Venerable Siervo de Dios Mois\u00e9s Lira Seraf\u00edn.\u00a0<\/span><\/p>\n<p style=\"text-align: justify;\"><span>En 2014 se efectu\u00f3 el Proceso de \u201cexhumaci\u00f3n, reconocimiento y traslado de sus restos\u201d al Templo Expiatorio Nacional San Felipe de Jes\u00fas, en el centro hist\u00f3rico de la Ciudad de M\u00e9xico.\u00a0<\/span><\/p>\n<p style=\"text-align: justify;\"><span>Del 6 de febrero de 2015 a junio de 2019, se instruy\u00f3 en Le\u00f3n Guanajuato el proceso diocesano del presunto milagro atribuido a la intercesi\u00f3n del Venerable P. Mois\u00e9s Lira Seraf\u00edn.<\/span><\/p>\n<p style=\"text-align: justify;\"><span>El 22 de noviembre de 2019 inici\u00f3 el proceso romano del presunto milagro con el decreto de validez del proceso diocesano.<\/span><\/p>\n<p style=\"text-align: justify;\"><span>En enero 2023 se llev\u00f3 a cabo el Congreso de M\u00e9dicos y el 30 de mayo del mismo a\u00f1o el Congreso de Te\u00f3logos en ambos congresos fueron a favor del presunto milagro para el proceso de la Beatificaci\u00f3n.\u00a0<\/span><\/p>\n<p style=\"text-align: justify;\"><span>El 12 de diciembre de 2023, en Roma, se llev\u00f3 a cabo el Consistorio de Cardenales y Obispos en el que analizaron los resultados anteriores del presunto milagro, dando voto positivo.<\/span><\/p>\n<p style=\"text-align: justify;\"><span>El 14 de diciembre de 2023, en la Ciudad del Vaticano, el Papa Francisco autoriz\u00f3 al Dicasterio para la Causa de los Santos promulgar el decreto relativo al milagro obrado por Dios, atribuido a la intercesi\u00f3n del Venerable P. Mois\u00e9s Lira Seraf\u00edn con el que ser\u00e1 beatificado.<\/span><\/p>\n<p style=\"text-align: justify;\"><span>El 14 de septiembre de 2024 en la Insigne Nacional Bas\u00edlica de Guadalupe en la Ciudad de M\u00e9xico, fue declarado Beato por el cardenal Marcello Semeraro prefecto del Dicasterio para las Causas de los Santos, en representaci\u00f3n del Papa Francisco. <\/span><\/p>\n<p style=\"text-align: justify;\"><span dir=\"auto\" style=\"vertical-align: inherit;\"><span dir=\"auto\" style=\"vertical-align: inherit;\"><span dir=\"auto\" style=\"vertical-align: inherit;\"><span dir=\"auto\" style=\"vertical-align: inherit;\"><\/span><\/span><\/span><\/span><\/p>\n<p style=\"text-align: justify;\"><span style=\"font-weight: 400;\"><span dir=\"auto\" style=\"vertical-align: inherit;\"><span dir=\"auto\" style=\"vertical-align: inherit;\"><span dir=\"auto\" style=\"vertical-align: inherit;\"><span dir=\"auto\" style=\"vertical-align: inherit;\">Para comunicar testimonios por las gracias recibidas, por favor, env\u00ede correo electr\u00f3nico: <\/span><\/span><\/span><\/span><\/span><a href=\"mailto:apostoldelabondad@gmail.com\"><span style=\"font-weight: 400;\"><span dir=\"auto\" style=\"vertical-align: inherit;\"><span dir=\"auto\" style=\"vertical-align: inherit;\"><span dir=\"auto\" style=\"vertical-align: inherit;\"><span dir=\"auto\" style=\"vertical-align: inherit;\">apostoldelabondad@gmail.com<\/span><\/span><\/span><\/span><\/span><\/a><span style=\"font-weight: 400;\"><span dir=\"auto\" style=\"vertical-align: inherit;\"><span dir=\"auto\" style=\"vertical-align: inherit;\"><span dir=\"auto\" style=\"vertical-align: inherit;\"><span dir=\"auto\" style=\"vertical-align: inherit;\"> o <\/span><\/span><\/span><\/span><\/span><a href=\"mailto:casageneralmcmi@prodigy.net.mx\"><span style=\"font-weight: 400;\"><span dir=\"auto\" style=\"vertical-align: inherit;\"><span dir=\"auto\" style=\"vertical-align: inherit;\"><span dir=\"auto\" style=\"vertical-align: inherit;\"><span dir=\"auto\" style=\"vertical-align: inherit;\">casageneralmcmi@prodigy.net.mx<\/span><\/span><\/span><\/span><\/span><\/a><\/p>\n<p>[\/et_pb_text][\/et_pb_column][\/et_pb_row][\/et_pb_section][et_pb_section fb_built=&#8221;1&#8243; _builder_version=&#8221;4.25.1&#8243; _module_preset=&#8221;default&#8221; global_colors_info=&#8221;{}&#8221;][et_pb_row _builder_version=&#8221;4.25.1&#8243; _module_preset=&#8221;default&#8221; global_colors_info=&#8221;{}&#8221;][et_pb_column type=&#8221;4_4&#8243; _builder_version=&#8221;4.25.1&#8243; _module_preset=&#8221;default&#8221; global_colors_info=&#8221;{}&#8221;][et_pb_button button_text=&#8221;Oraci\u00f3n de intercesi\u00f3n&#8221; _builder_version=&#8221;4.27.2&#8243; _module_preset=&#8221;default&#8221; custom_button=&#8221;on&#8221; button_text_size=&#8221;33px&#8221; button_bg_color=&#8221;#f9ca0e&#8221; button_border_width=&#8221;0px&#8221; button_border_radius=&#8221;14px&#8221; button_letter_spacing=&#8221;0px&#8221; button_font=&#8221;Montserrat|700|||||||&#8221; background_layout=&#8221;dark&#8221; hover_enabled=&#8221;0&#8243; box_shadow_style=&#8221;preset1&#8243; box_shadow_vertical=&#8221;0px&#8221; box_shadow_blur=&#8221;12px&#8221; global_colors_info=&#8221;{}&#8221; sticky_enabled=&#8221;0&#8243;][\/et_pb_button][\/et_pb_column][\/et_pb_row][\/et_pb_section][et_pb_section fb_built=&#8221;1&#8243; admin_label=&#8221;Person Profile&#8221; _builder_version=&#8221;4.27.2&#8243; background_color=&#8221;#f2f5f7&#8243; background_color_gradient_direction=&#8221;112deg&#8221; background_image=&#8221;https:\/\/misionerasdelacaridad.avir.consulting\/wp-content\/uploads\/2024\/06\/fondos-pagina-volteado.png&#8221; min_height=&#8221;735.9px&#8221; custom_margin=&#8221;|||&#8221; custom_padding=&#8221;120px||120px|&#8221; global_colors_info=&#8221;{}&#8221;][et_pb_row column_structure=&#8221;1_2,1_2&#8243; _builder_version=&#8221;4.23.1&#8243; _module_preset=&#8221;default&#8221; global_colors_info=&#8221;{}&#8221;][et_pb_column type=&#8221;1_2&#8243; _builder_version=&#8221;4.23.1&#8243; _module_preset=&#8221;default&#8221; global_colors_info=&#8221;{}&#8221;][et_pb_text _builder_version=&#8221;4.23.1&#8243; _module_preset=&#8221;default&#8221; header_3_text_align=&#8221;justify&#8221; header_3_font_size=&#8221;26px&#8221; header_3_letter_spacing=&#8221;1px&#8221; header_3_line_height=&#8221;1.1em&#8221; global_colors_info=&#8221;{}&#8221;]<\/p>\n<h3><span><span dir=\"auto\" style=\"vertical-align: inherit;\"><span dir=\"auto\" style=\"vertical-align: inherit;\">Dios y Padre nuestro, que en el <\/span><\/span><strong><span dir=\"auto\" style=\"vertical-align: inherit;\"><span dir=\"auto\" style=\"vertical-align: inherit;\">Beato Mois\u00e9s Lira Seraf\u00edn<\/span><\/span><\/strong><span dir=\"auto\" style=\"vertical-align: inherit;\"><span dir=\"auto\" style=\"vertical-align: inherit;\"> , nos ha dado un ejemplo de caridad en el servicio alegre a los pobres y lo constituye ap\u00f3stol del amor filial a ti ya la Madre de tu Hijo. Haz que imit\u00e1ndolo, amemos a Cristo como \u00e9l lo am\u00f3 y lo sirvamos en nuestros hermanos. Escucha Se\u00f1or nuestra s\u00faplica confiada y ot\u00f3rganos por su intercesi\u00f3n la gracia que te pedimos\u2026<\/span><\/span><\/span><\/h3>\n<p><span><\/span><\/p>\n<h3 style=\"text-align: left;\"><em><span dir=\"auto\" style=\"vertical-align: inherit;\"><span dir=\"auto\" style=\"vertical-align: inherit;\">[pausa para hacer la petici\u00f3n]<\/span><\/span><\/em><\/h3>\n<p><span><\/span><\/p>\n<p><span><\/span><\/p>\n<h3><span><span dir=\"auto\" style=\"vertical-align: inherit;\"><span dir=\"auto\" style=\"vertical-align: inherit;\">Conc\u00e9denos Padre, que su glorificaci\u00f3n en la Iglesia sea para que en todos los hombres se acreciente el esp\u00edritu de adopci\u00f3n que nos ha dado en tu Hijo Jesucristo. Am\u00e9n.<\/span><\/span><\/span><\/h3>\n<p>[\/et_pb_text][\/et_pb_column][et_pb_column type=&#8221;1_2&#8243; _builder_version=&#8221;4.23.1&#8243; _module_preset=&#8221;default&#8221; global_colors_info=&#8221;{}&#8221;][et_pb_image src=&#8221;https:\/\/misionerasdelacaridad.avir.consulting\/wp-content\/uploads\/2025\/09\/WhatsApp-Image-2025-09-11-at-10.32.24-AM.jpeg&#8221; title_text=&#8221;WhatsApp Image 2025-09-11 at 10.32.24 AM&#8221; _builder_version=&#8221;4.27.2&#8243; _module_preset=&#8221;default&#8221; border_radii=&#8221;on|6px|6px|6px|6px&#8221; box_shadow_style=&#8221;preset2&#8243; global_colors_info=&#8221;{}&#8221;][\/et_pb_image][\/et_pb_column][\/et_pb_row][\/et_pb_section][et_pb_section fb_built=&#8221;1&#8243; _builder_version=&#8221;4.25.1&#8243; _module_preset=&#8221;default&#8221; global_colors_info=&#8221;{}&#8221;][et_pb_row column_structure=&#8221;1_2,1_2&#8243; _builder_version=&#8221;4.27.2&#8243; _module_preset=&#8221;default&#8221; global_colors_info=&#8221;{}&#8221;][et_pb_column type=&#8221;1_2&#8243; _builder_version=&#8221;4.27.2&#8243; _module_preset=&#8221;default&#8221; global_colors_info=&#8221;{}&#8221;][et_pb_image src=&#8221;https:\/\/misionerasdelacaridad.avir.consulting\/wp-content\/uploads\/2025\/09\/milagro-1024&#215;682.jpg&#8221; title_text=&#8221;milagro&#8221; _builder_version=&#8221;4.27.2&#8243; _module_preset=&#8221;default&#8221; border_radii=&#8221;on|6px|6px|6px|6px&#8221; box_shadow_style=&#8221;preset2&#8243; global_colors_info=&#8221;{}&#8221;][\/et_pb_image][\/et_pb_column][et_pb_column type=&#8221;1_2&#8243; _builder_version=&#8221;4.23.1&#8243; _module_preset=&#8221;default&#8221; global_colors_info=&#8221;{}&#8221;][et_pb_text _builder_version=&#8221;4.27.2&#8243; _module_preset=&#8221;default&#8221; header_font_size=&#8221;15px&#8221; header_3_text_align=&#8221;justify&#8221; header_3_font_size=&#8221;26px&#8221; header_3_letter_spacing=&#8221;1px&#8221; header_3_line_height=&#8221;1.1em&#8221; global_colors_info=&#8221;{}&#8221;]<\/p>\n<h3><strong>El milagro para la beatificaci\u00f3n y la tumba agregar en causa<\/strong><br \/>A la intercesi\u00f3n del padre Mois\u00e9s Lira Seraf\u00edn se atribuye la curaci\u00f3n milagrosa de una mujer embarazada, Rosa Mar\u00eda Ram\u00edrez Mendoza, que a las 22 semanas de gestaci\u00f3n descubri\u00f3 que padec\u00eda una anomal\u00eda fetal muy grave. La mujer se niega a interrumpir el embarazo, como le sugieren los m\u00e9dicos, y conf\u00eda fielmente su situaci\u00f3n al padre Mois\u00e9s, cuyo libro sobre su vocaci\u00f3n sacerdotal est\u00e1 leyendo en ese momento, invocando de \u00e9l la curaci\u00f3n durante nueve d\u00edas consecutivos.<br \/>En una revisi\u00f3n en el sexto mes de embarazo, el m\u00e9dico, para su asombro, inform\u00f3 a la paciente de que la anomal\u00eda hab\u00eda desaparecido y el feto gozaba de buena salud. El 6 de septiembre del 2004, Rosa Mar\u00eda dio a luz a Lissette Sarah\u00ed, una ni\u00f1a perfectamente sana. Los restos del padre Mois\u00e9s est\u00e1n en el Templo Expiatorio Nacional de San Felipe de Jes\u00fas, en Ciudad de M\u00e9xico. Aqu\u00ed, donde ayud\u00f3 a fundar y en el que sirvi\u00f3 en la d\u00e9cada de 1930.<br \/><em>https:\/\/www.vaticannews.va\/es\/vaticano\/news\/2024-09\/beato-moises-guia-para-la-infancia-y-la-paternidad-espiritual.html<\/em><\/h3>\n<p>[\/et_pb_text][\/et_pb_column][\/et_pb_row][\/et_pb_section][et_pb_section fb_built=&#8221;1&#8243; fullwidth=&#8221;on&#8221; _builder_version=&#8221;4.23.1&#8243; _module_preset=&#8221;default&#8221; global_colors_info=&#8221;{}&#8221;][\/et_pb_section][et_pb_section fb_built=&#8221;1&#8243; _builder_version=&#8221;4.25.1&#8243; _module_preset=&#8221;default&#8221; background_enable_image=&#8221;off&#8221; background_position=&#8221;top_left&#8221; global_colors_info=&#8221;{}&#8221;][et_pb_row _builder_version=&#8221;4.23.1&#8243; _module_preset=&#8221;default&#8221; global_colors_info=&#8221;{}&#8221;][et_pb_column type=&#8221;4_4&#8243; _builder_version=&#8221;4.23.1&#8243; _module_preset=&#8221;default&#8221; global_colors_info=&#8221;{}&#8221;][et_pb_text _builder_version=&#8221;4.25.1&#8243; _module_preset=&#8221;default&#8221; text_font=&#8221;Montserrat||||||||&#8221; text_text_color=&#8221;#89c46d&#8221; text_font_size=&#8221;51px&#8221; min_height=&#8221;44.8px&#8221; global_colors_info=&#8221;{}&#8221;]<\/p>\n<p style=\"text-align: center;\"><span style=\"color: #003366;\"><strong>Testimonios P. Mois\u00e9s Lira<\/strong><\/span><\/p>\n<p>[\/et_pb_text][\/et_pb_column][\/et_pb_row][et_pb_row column_structure=&#8221;1_4,1_4,1_4,1_4&#8243; _builder_version=&#8221;4.23.1&#8243; _module_preset=&#8221;default&#8221; min_height=&#8221;467px&#8221; custom_padding=&#8221;|0px||||&#8221; global_colors_info=&#8221;{}&#8221;][et_pb_column type=&#8221;1_4&#8243; _builder_version=&#8221;4.23.1&#8243; _module_preset=&#8221;default&#8221; global_colors_info=&#8221;{}&#8221;][et_pb_video src=&#8221;https:\/\/www.youtube.com\/watch?v=Lb6kdWZj0YQ&#8221; _builder_version=&#8221;4.23.4&#8243; _module_preset=&#8221;default&#8221; global_colors_info=&#8221;{}&#8221;][\/et_pb_video][\/et_pb_column][et_pb_column type=&#8221;1_4&#8243; _builder_version=&#8221;4.23.4&#8243; _module_preset=&#8221;default&#8221; global_colors_info=&#8221;{}&#8221;][et_pb_video src=&#8221;https:\/\/www.youtube.com\/watch?v=RBnXs3pwSc0&#8243; _builder_version=&#8221;4.25.1&#8243; _module_preset=&#8221;default&#8221; custom_margin=&#8221;||-296px|||&#8221; global_colors_info=&#8221;{}&#8221;][\/et_pb_video][\/et_pb_column][et_pb_column type=&#8221;1_4&#8243; _builder_version=&#8221;4.23.1&#8243; _module_preset=&#8221;default&#8221; global_colors_info=&#8221;{}&#8221;][et_pb_video_slider _builder_version=&#8221;4.23.1&#8243; _module_preset=&#8221;default&#8221; global_colors_info=&#8221;{}&#8221;][et_pb_video_slider_item src=&#8221;https:\/\/youtu.be\/m5ia5A7JmX4&#8243; src_webm=&#8221;https:\/\/youtu.be\/m5ia5A7JmX4&#8243; src_last_edited=&#8221;off|desktop&#8221; _builder_version=&#8221;4.23.1&#8243; _module_preset=&#8221;default&#8221; global_colors_info=&#8221;{}&#8221; src__hover_enabled=&#8221;off|desktop&#8221; show_image_overlay=&#8221;off&#8221;][\/et_pb_video_slider_item][\/et_pb_video_slider][\/et_pb_column][et_pb_column type=&#8221;1_4&#8243; _builder_version=&#8221;4.27.2&#8243; _module_preset=&#8221;default&#8221; global_colors_info=&#8221;{}&#8221;][et_pb_video_slider _builder_version=&#8221;4.27.2&#8243; _module_preset=&#8221;default&#8221; global_colors_info=&#8221;{}&#8221;][et_pb_video_slider_item src=&#8221;https:\/\/youtube.com\/shorts\/MdEz3MmZDyw&#8221; src_webm=&#8221;https:\/\/youtu.be\/m5ia5A7JmX4&#8243; src_last_edited=&#8221;off|desktop&#8221; _builder_version=&#8221;4.27.2&#8243; _module_preset=&#8221;default&#8221; global_colors_info=&#8221;{}&#8221; src__hover_enabled=&#8221;off|desktop&#8221; show_image_overlay=&#8221;off&#8221;][\/et_pb_video_slider_item][\/et_pb_video_slider][\/et_pb_column][\/et_pb_row][\/et_pb_section]<\/p>\n","protected":false},"excerpt":{"rendered":"<p>Causa de Canonizaci\u00f3nBEATO\u00a0 MOIS\u00c9S LIRA SERAF\u00cdN, MISIONERO DEL ESP\u00cdRITU SANTO Y FUNDADOR DE LAS MISIONERAS DE LA CARIDAD DE MAR\u00cdA INMACULADA . El beato Padre Mois\u00e9s Lira Seraf\u00edn, conocido como \u201cel Ap\u00f3stol de la Bondad\u201d, vivi\u00f3 la espiritualidad de la Cruz como hijo peque\u00f1o, abandonado y confiado en los brazos de su Padre Celestial, en [&hellip;]<\/p>\n","protected":false},"author":1,"featured_media":0,"parent":0,"menu_order":0,"comment_status":"closed","ping_status":"closed","template":"","meta":{"_et_pb_use_builder":"on","_et_pb_old_content":"","_et_gb_content_width":"","footnotes":""},"class_list":["post-793","page","type-page","status-publish","hentry"],"_links":{"self":[{"href":"https:\/\/misionerasdelacaridad.avir.consulting\/index.php?rest_route=\/wp\/v2\/pages\/793"}],"collection":[{"href":"https:\/\/misionerasdelacaridad.avir.consulting\/index.php?rest_route=\/wp\/v2\/pages"}],"about":[{"href":"https:\/\/misionerasdelacaridad.avir.consulting\/index.php?rest_route=\/wp\/v2\/types\/page"}],"author":[{"embeddable":true,"href":"https:\/\/misionerasdelacaridad.avir.consulting\/index.php?rest_route=\/wp\/v2\/users\/1"}],"replies":[{"embeddable":true,"href":"https:\/\/misionerasdelacaridad.avir.consulting\/index.php?rest_route=%2Fwp%2Fv2%2Fcomments&post=793"}],"version-history":[{"count":13,"href":"https:\/\/misionerasdelacaridad.avir.consulting\/index.php?rest_route=\/wp\/v2\/pages\/793\/revisions"}],"predecessor-version":[{"id":1116,"href":"https:\/\/misionerasdelacaridad.avir.consulting\/index.php?rest_route=\/wp\/v2\/pages\/793\/revisions\/1116"}],"wp:attachment":[{"href":"https:\/\/misionerasdelacaridad.avir.consulting\/index.php?rest_route=%2Fwp%2Fv2%2Fmedia&parent=793"}],"curies":[{"name":"wp","href":"https:\/\/api.w.org\/{rel}","templated":true}]}}