{"id":170,"date":"2021-02-20T03:05:35","date_gmt":"2021-02-20T03:05:35","guid":{"rendered":"https:\/\/misionerasdelacaridad.avir.consulting\/?page_id=170"},"modified":"2025-09-15T20:13:48","modified_gmt":"2025-09-15T20:13:48","slug":"moises-lira","status":"publish","type":"page","link":"https:\/\/misionerasdelacaridad.avir.consulting\/?page_id=170","title":{"rendered":"Moises Lira"},"content":{"rendered":"<p>[et_pb_section fb_built=&#8221;1&#8243; admin_label=&#8221;About&#8221; _builder_version=&#8221;4.25.1&#8243; background_enable_color=&#8221;off&#8221; use_background_color_gradient=&#8221;on&#8221; background_color_gradient_direction=&#8221;90deg&#8221; background_color_gradient_stops=&#8221;#c8fdff 0%|#8ee0e2 100%&#8221; background_color_gradient_start=&#8221;#c8fdff&#8221; background_color_gradient_end=&#8221;#8ee0e2&#8243; background_image=&#8221;https:\/\/misionerasdelacaridad.avir.consulting\/wp-content\/uploads\/2024\/06\/fondos-pagina-2.png&#8221; parallax=&#8221;on&#8221; custom_margin=&#8221;160px||230px||false|false&#8221; custom_margin_tablet=&#8221;60px||||false|false&#8221; custom_margin_phone=&#8221;&#8221; custom_margin_last_edited=&#8221;on|phone&#8221; locked=&#8221;off&#8221; global_colors_info=&#8221;{}&#8221;][et_pb_row column_structure=&#8221;2_5,3_5&#8243; use_custom_gutter=&#8221;on&#8221; gutter_width=&#8221;2&#8243; custom_padding_last_edited=&#8221;off|desktop&#8221; _builder_version=&#8221;4.23.1&#8243; width=&#8221;85%&#8221; max_width=&#8221;1280px&#8221; custom_margin=&#8221;-140px|auto|-226px|auto|false|false&#8221; custom_padding_tablet=&#8221;|40px||40px|false|true&#8221; custom_padding_phone=&#8221;|20px||20px|false|true&#8221; background_last_edited=&#8221;off|desktop&#8221; background_enable_image_tablet=&#8221;off&#8221; global_colors_info=&#8221;{}&#8221;][et_pb_column type=&#8221;2_5&#8243; _builder_version=&#8221;4.16&#8243; global_colors_info=&#8221;{}&#8221;][et_pb_image src=&#8221;https:\/\/misionerasdelacaridad.avir.consulting\/wp-content\/uploads\/2025\/09\/P-Moises-1-1.png&#8221; title_text=&#8221;P Moises&#8221; _builder_version=&#8221;4.27.2&#8243; transform_translate_linked=&#8221;off&#8221; max_width_tablet=&#8221;400px&#8221; max_width_phone=&#8221;&#8221; max_width_last_edited=&#8221;on|desktop&#8221; custom_margin=&#8221;40px|-200px|||false|false&#8221; animation_style=&#8221;fade&#8221; border_radii=&#8221;on|10px|10px|10px|10px&#8221; box_shadow_style=&#8221;preset1&#8243; locked=&#8221;off&#8221; global_colors_info=&#8221;{}&#8221;][\/et_pb_image][\/et_pb_column][et_pb_column type=&#8221;3_5&#8243; _builder_version=&#8221;4.23.1&#8243; background_color=&#8221;#ffffff&#8221; custom_padding=&#8221;|40px|80px|40px|false|true&#8221; custom_padding_tablet=&#8221;40px|0px|40px||true|false&#8221; custom_padding_phone=&#8221;&#8221; custom_padding_last_edited=&#8221;on|tablet&#8221; box_shadow_style=&#8221;preset2&#8243; box_shadow_color=&#8221;rgba(56,21,11,0.09)&#8221; global_colors_info=&#8221;{}&#8221;][et_pb_text _builder_version=&#8221;4.25.1&#8243; text_font=&#8221;&#8211;et_global_heading_font||||||||&#8221; text_text_color=&#8221;#0C71C3&#8243; text_font_size=&#8221;45px&#8221; text_letter_spacing=&#8221;2px&#8221; text_line_height=&#8221;1em&#8221; header_font=&#8221;Fredoka One||||||||&#8221; header_text_color=&#8221;#0C71C3&#8243; header_font_size=&#8221;53px&#8221; header_2_font=&#8221;Abel||||||||&#8221; header_2_font_size=&#8221;70px&#8221; header_2_letter_spacing=&#8221;3px&#8221; header_2_line_height=&#8221;1.2em&#8221; max_width=&#8221;800px&#8221; header_2_font_size_tablet=&#8221;38px&#8221; header_2_font_size_phone=&#8221;26px&#8221; header_2_font_size_last_edited=&#8221;on|tablet&#8221; header_2_letter_spacing_tablet=&#8221;1px&#8221; header_2_letter_spacing_phone=&#8221;0px&#8221; header_2_letter_spacing_last_edited=&#8221;on|desktop&#8221; locked=&#8221;off&#8221; global_colors_info=&#8221;{}&#8221;]<\/p>\n<h1><strong><span class=\"selectable-text copyable-text\"><span dir=\"auto\" style=\"vertical-align: inherit;\"><span dir=\"auto\" style=\"vertical-align: inherit;\">Reciente <\/span><\/span><\/span><span class=\"selectable-text copyable-text\"><span dir=\"auto\" style=\"vertical-align: inherit;\"><span dir=\"auto\" style=\"vertical-align: inherit;\">Beato mexicano<\/span><\/span><\/span><\/strong><\/h1>\n<p>[\/et_pb_text][et_pb_text _builder_version=&#8221;4.25.1&#8243; text_font=&#8221;Fredoka One|700|||||||&#8221; text_text_color=&#8221;#89c46d&#8221; text_font_size=&#8221;9px&#8221; text_letter_spacing=&#8221;6px&#8221; text_line_height=&#8221;1.2em&#8221; header_text_color=&#8221;#a5a200&#8243; header_2_font=&#8221;Abel||||||||&#8221; header_2_font_size=&#8221;70px&#8221; header_2_letter_spacing=&#8221;3px&#8221; header_2_line_height=&#8221;1.2em&#8221; max_width=&#8221;800px&#8221; header_2_font_size_tablet=&#8221;38px&#8221; header_2_font_size_phone=&#8221;26px&#8221; header_2_font_size_last_edited=&#8221;on|tablet&#8221; header_2_letter_spacing_tablet=&#8221;1px&#8221; header_2_letter_spacing_phone=&#8221;0px&#8221; header_2_letter_spacing_last_edited=&#8221;on|desktop&#8221; locked=&#8221;off&#8221; global_colors_info=&#8221;{}&#8221;]<\/p>\n<p><span style=\"font-size: 34px;\">P. MOIS\u00c9S LIRA SERAF\u00cdN<\/span><\/p>\n<p>[\/et_pb_text][et_pb_divider color=&#8221;#ffd4a3&#8243; divider_weight=&#8221;2px&#8221; _builder_version=&#8221;4.16&#8243; width=&#8221;100px&#8221; custom_margin=&#8221;||0px|-70px|false|false&#8221; locked=&#8221;off&#8221; global_colors_info=&#8221;{}&#8221;][\/et_pb_divider][et_pb_text _builder_version=&#8221;4.27.2&#8243; text_font=&#8221;Montserrat||||||||&#8221; text_font_size=&#8221;18px&#8221; text_line_height=&#8221;1.8em&#8221; max_width=&#8221;600px&#8221; text_font_size_tablet=&#8221;&#8221; text_font_size_phone=&#8221;14px&#8221; text_font_size_last_edited=&#8221;on|phone&#8221; text_line_height_tablet=&#8221;&#8221; text_line_height_phone=&#8221;1.6em&#8221; text_line_height_last_edited=&#8221;on|desktop&#8221; locked=&#8221;off&#8221; global_colors_info=&#8221;{}&#8221;]<\/p>\n<p><strong><span dir=\"auto\" style=\"vertical-align: inherit;\"><span dir=\"auto\" style=\"vertical-align: inherit;\">BEATO P. MOIS\u00c9S LIRA SERAF\u00cdN, MISIONERO DEL ESP\u00cdRITU SANTO Y FUNDADOR DE LAS MISIONERAS DE LA CARIDAD DE MAR\u00cdA INMACULADA.<\/span><\/span><\/strong><\/p>\n<p><b style=\"font-size: 18px;\"><\/b><\/p>\n<p style=\"text-align: justify;\"><span>El P. Mois\u00e9s, fue declarado beato el 14 de septiembre de 2024 en la Insigne Nacional Bas\u00edlica de Guadalupe en la Ciudad de M\u00e9xico, por el cardenal Marcello\u00a0 Semeraro prefecto del Dicasterio para las Causas de los Santos, en representaci\u00f3n del Papa Francisco. <\/span><\/p>\n<p style=\"text-align: justify;\"><span>El P. Mois\u00e9s, naci\u00f3 en Tlatempa, Zacatl\u00e1n de las Manzanas, Puebla, el 16 de septiembre de 1893, de una familia cat\u00f3lica.<\/span><\/p>\n<p style=\"text-align: justify;\"><span>Ten\u00eda cinco a\u00f1os cuando qued\u00f3 hu\u00e9rfano de madre, por lo que se separ\u00f3 de sus hermanos e inici\u00f3 su vida itinerante al lado de su padre Pedro Lira, quien en ese entonces era maestro de la escuela parroquial y se llevaba al peque\u00f1o Mois\u00e9s a los destinos que le daban al Sacerdote Francisco Javier Hern\u00e1ndez, con quien trabajaba Don Pedro.<\/span><\/p>\n<p style=\"text-align: justify;\"><span>En 1908, inici\u00f3 sus estudios en el Seminario de Puebla, apoyado por su bienhechora Petra Munive.\u00a0Ah\u00ed,\u00a0sinti\u00f3 el llamado a la vida religiosa.<\/span><\/p>\n<p><span>El P. F\u00e9lix de Jes\u00fas Rougier, lo llam\u00f3 \u201cmi primog\u00e9nito\u201d, porque con Mois\u00e9s y el P. Domingo Mart\u00ednez funda los Misioneros del Esp\u00edritu Santo, el 25 de diciembre de 1914; Congregaci\u00f3n en la que hace su Profesi\u00f3n Religiosa, el 4 de febrero de 1917.\u00a0<\/span><\/p>\n<p style=\"text-align: justify;\"><span>Es ordenado sacerdote el 14 de mayo 1922 y ese mismo a\u00f1o hace sus votos perpetuos. Estudi\u00f3 en Roma y all\u00e1, hizo su VOTO DE ABANDONO (1927), el cual consisti\u00f3 para Mois\u00e9s en depositar su confianza plena en Dios, aceptando su voluntad hasta las \u00faltimas consecuencias.<\/span><\/p>\n<p style=\"text-align: justify;\"><span>El 29 de marzo de 1934, fund\u00f3 una Congregaci\u00f3n religiosa, las Misioneras de la Caridad de Mar\u00eda Inmaculada.\u00a0<\/span><\/p>\n<p style=\"text-align: justify;\"><span>Muri\u00f3 el 25 de junio de 1950, en la ciudad de M\u00e9xico, dejando entre las personas que lo conocieron hermosos ejemplos de santidad y vida fecunda por\u00a0su pureza e integridad de vida, ya que practic\u00f3 las virtudes cristianas en grado heroico.<\/span><\/p>\n<p style=\"text-align: justify;\"><span>Su proceso de canonizaci\u00f3n se inici\u00f3 en el a\u00f1o 2000 en la Arquidi\u00f3cesis de M\u00e9xico, el cual se puede sintetizar en las palabras \u201cPor sus frutos los conocer\u00e1n\u201d (Mt.7, 16.20), pues las pruebas documentales y testimonios que se recogieron dan testimonio de su vida, obra y carisma. Las actas se enviaron a la Congregaci\u00f3n para la Causa de los Santos en Roma, donde fueron estudiadas por te\u00f3logos y cardenales y ambas instancias aprobaron la causa y lo presentaron al Papa, quien dio el decreto de venerabilidad con el fin de que el ejemplo de vida cristiana del P. Mois\u00e9s estimule y anime el camino de santidad de los fieles en la Iglesia.<\/span><\/p>\n<p style=\"text-align: justify;\"><span>El P. Mois\u00e9s se dedic\u00f3 por vocaci\u00f3n de bautizado, sacerdote y religioso a seguir m\u00e1s de cerca a Cristo, en una entrega de su vida por amor, cooperando a la edificaci\u00f3n de la Iglesia, del mundo y de la caridad en el servicio a Dios y a los hermanos.<\/span><\/p>\n<p style=\"text-align: justify;\"><span>En su personalidad se destaca su inteligencia clara, su voluntad firme, su car\u00e1cter activo, su sentido pr\u00e1ctico, su rectitud, su gran caridad, sencillez y humildad. En el orden de la gracia: su amor a Dios, su esp\u00edritu de fe y de sacrificio, su empe\u00f1o en buscar la voluntad de Dios, su generosidad y su gran celo apost\u00f3lico. Supo corresponder a la gracia del Esp\u00edritu Santo viviendo\u00a0con autenticidad el Esp\u00edritu de las Obras de las Cruz en amor, pureza y sacrificio,\u00a0recibiendo adem\u00e1s\u00a0el carisma de la Filiaci\u00f3n Divina, con el tinte de la Infancia Espiritual que Jesucristo recomienda en el Evangelio. Su\u00a0lema fue el mismo de Jes\u00fas: \u201cHago siempre el agrado de mi Padre\u201d (Jn 8, 29).<\/span><\/p>\n<p style=\"text-align: justify;\"><span>El P. Mois\u00e9s recibi\u00f3 el carisma de Infancia Espiritual, un regalo gratuito que Dios le dio, no para \u00e9l mismo sino para transmitirlo a los dem\u00e1s y consciente de ello, fund\u00f3 la Congregaci\u00f3n religiosa de Misioneras de la Caridad de Mar\u00eda Inmaculada, a quienes dec\u00eda: \u201c<em>Nuestro Se\u00f1or me ha elegido para llevar a cabo la misi\u00f3n m\u00e1s sublime que \u00c9l trajo a la tierra, la misi\u00f3n de ense\u00f1ar el esp\u00edritu filial, el esp\u00edritu de peque\u00f1ez, o sea de humildad<\/em>\u201d. En la familia religiosa por el fundada ve\u00eda prologada la misi\u00f3n a la que se sent\u00eda llamado:\u00a0\u201c<em>Ustedes son mis queridas colaboradoras las continuadoras que dar\u00e1n mucha gloria a Nuestro Se\u00f1or\u201d. \u201cLes dejo mi propio esp\u00edritu, el que Dios me dio para ustedes [\u2026] Ser\u00e1 bien para sus almas, gloria de Dios y bien de la Iglesia<\/em>\u201d.<\/span><\/p>\n<p style=\"text-align: justify;\"><span>El carisma de las Misioneras de la Caridad de Mar\u00eda Inmaculada sigue creciendo en la Iglesia y para la Iglesia; hoy en d\u00eda est\u00e1n presentes en M\u00e9xico, Guatemala, Nicaragua, Per\u00fa,\u00a0Chile,\u00a0Estados Unidos, Roma, Italia y Kenia, \u00c1frica. Realizan su apostolado en el \u00e1rea de la salud: en la atenci\u00f3n a enfermos, ancianos\u00a0y pacientes neuro-psiqui\u00e1tricos; en el \u00e1rea de la educaci\u00f3n; la atenci\u00f3n a\u00a0ni\u00f1os, adolescentes y j\u00f3venes en escuelas y Casas-hogar; en la pastoral misionera y ad-gentes: el servicio de la evangelizaci\u00f3n y catequesis en diferentes Di\u00f3cesis y pa\u00edses.<\/span><\/p>\n<p><span>Redactado por las hermanas:\u00a0<em>Ivett Judith Mani L\u00f3pez MCMI y<\/em> <em>Paulina P\u00e9rez Orozco MCMI<\/em><\/span><\/p>\n<p>[\/et_pb_text][\/et_pb_column][\/et_pb_row][\/et_pb_section][et_pb_section fb_built=&#8221;1&#8243; admin_label=&#8221;Person Profile&#8221; _builder_version=&#8221;4.27.2&#8243; background_color=&#8221;#f2f5f7&#8243; background_color_gradient_direction=&#8221;112deg&#8221; background_image=&#8221;https:\/\/misionerasdelacaridad.avir.consulting\/wp-content\/uploads\/2024\/06\/fondos-pagina-copia.png&#8221; custom_margin=&#8221;|||&#8221; custom_padding=&#8221;120px||120px|&#8221; animation_style=&#8221;fade&#8221; global_colors_info=&#8221;{}&#8221;][et_pb_row column_structure=&#8221;1_2,1_2&#8243; _builder_version=&#8221;4.16&#8243; custom_margin=&#8221;|326px||auto||&#8221; locked=&#8221;off&#8221; global_colors_info=&#8221;{}&#8221;][et_pb_column type=&#8221;1_2&#8243; _builder_version=&#8221;4.16&#8243; global_colors_info=&#8221;{}&#8221;][et_pb_divider color=&#8221;#ffd4a3&#8243; divider_weight=&#8221;2px&#8221; _builder_version=&#8221;4.16&#8243; custom_margin=&#8221;||0px||false|false&#8221; global_colors_info=&#8221;{}&#8221;][\/et_pb_divider][et_pb_text _builder_version=&#8221;4.25.1&#8243; text_font=&#8221;Montserrat||||||||&#8221; text_font_size=&#8221;18px&#8221; text_line_height=&#8221;1.8em&#8221; header_text_color=&#8221;#E02B20&#8243; max_width=&#8221;800px&#8221; custom_margin=&#8221;|||-211px||&#8221; custom_padding=&#8221;|0px||||&#8221; text_font_size_tablet=&#8221;&#8221; text_font_size_phone=&#8221;14px&#8221; text_font_size_last_edited=&#8221;on|desktop&#8221; text_line_height_tablet=&#8221;&#8221; text_line_height_phone=&#8221;1.6em&#8221; text_line_height_last_edited=&#8221;on|desktop&#8221; locked=&#8221;off&#8221; global_colors_info=&#8221;{}&#8221;]<\/p>\n<p><span style=\"text-decoration: underline;\"><strong>SACERDOTE CON CRISTO: TESTIGO DE LA MISERICORDIA DE DIOS <\/strong><\/span><\/p>\n<p style=\"text-align: justify;\">\u00abEl Se\u00f1or nos llama a sondear las grandes miserias, nos hace testigos de las obras maravillosas de su amor misericordioso\u00bb (Diario espiritual, diciembre 13 de 1922). En su ministerio Sacerdotal hace suya la participaci\u00f3n del misterio de la Cruz: \u00abCada d\u00eda voy comprendiendo que la vida de sacerdote es una vida de Cruz [\u2026] No soy solo, somos Cristo y yo, que nos alentamos, que nos participamos muy \u00edntimamente nuestras cruces, nuestras alegr\u00edas y todo&#8230; Somos Cristo y yo. Yo otro \u00c9l, y \u00c9l otro yo&#8230; Oh dicha&#8230; en donde \u00c9l est\u00e1, estar\u00e9 yo. Aqu\u00ed estoy Se\u00f1or, para que me hagas como t\u00fa me quieras&#8230; tuyo, tuyo, otro T\u00fa, v\u00edctima; otro T\u00fa, redentor; otro T\u00fa, hostia;&#8230; Jes\u00fas, recuerda que soy tu ministro, y en donde T\u00fa est\u00e9s, yo no debo faltar&#8230; y T\u00fa est\u00e1s en la Cruz, en el altar, en las almas&#8230; etc.<\/p>\n<p><span style=\"text-decoration: underline;\"><strong>DIRECTOR ESPIRITUAL &#8211; GRAN AP\u00d3STOL DEL CONFESIONARIO <\/strong><\/span><\/p>\n<p style=\"text-align: justify;\">Desde su Ordenaci\u00f3n, sinti\u00f3 el llamado y la atracci\u00f3n por el ministerio de la Confesi\u00f3n: \u00abMe siento muy atra\u00eddo a trabajar cuanto pueda en el silencio y oscuridad de un confesionario [\u2026] A mis pies vienen a verter sus l\u00e1grimas m\u00e1s secretas, sus penas m\u00e1s \u00edntimas. Debo ser el Consolador [\u2026] No debo ser de ning\u00fan rango social y s\u00ed debo tender a todos\u00bb. Ejerci\u00f3 ampliamente la paternidad espiritual: \u00abTodos me dicen Padre, seamos Padres\u00bb. \u00abMe siento con un coraz\u00f3n muy grande para abarcar a todo el mundo\u00bb. Su fina bondad brota de su relaci\u00f3n con el Padre, fruto de su oraci\u00f3n: \u00abOh mi Buen Dios, que las trate como T\u00fa las tratabas, con suma delicadeza, con gran amor y sumo esmero, que no las lleve por otro camino, sino por el que lleva a Ti\u00bb (Diario espiritual, octubre 10 de 1922).<\/p>\n<p><span style=\"text-decoration: underline;\"><strong>FUNDADOR <\/strong><\/span><\/p>\n<p style=\"text-align: justify;\">Dios lo llam\u00f3 a Fundar la Congregaci\u00f3n de Misioneras de la Caridad de Mar\u00eda Inmaculada (marzo 29 de 1934, un Jueves Santo). Misi\u00f3n que llev\u00f3 a cabo en la fe: \u00abNuestro Se\u00f1or me ha elegido para llevar a cabo la \u201cmisi\u00f3n m\u00e1s sublime\u201d que \u00c9l trajo a la tierra, la misi\u00f3n de ense\u00f1ar el Esp\u00edritu filial, el esp\u00edritu de peque\u00f1ez, o sea de humildad\u00bb. (Diario espiritual julio 14 de 1935). Hna. Beatriz Ruiz Rodr\u00edguez, MCMI.<\/p>\n<p>[\/et_pb_text][\/et_pb_column][et_pb_column type=&#8221;1_2&#8243; _builder_version=&#8221;4.16&#8243; global_colors_info=&#8221;{}&#8221;][et_pb_image src=&#8221;https:\/\/misionerasdelacaridad.avir.consulting\/wp-content\/uploads\/2025\/09\/moisessss.png&#8221; title_text=&#8221;moisessss&#8221; _builder_version=&#8221;4.27.2&#8243; _module_preset=&#8221;default&#8221; animation_style=&#8221;fade&#8221; global_colors_info=&#8221;{}&#8221;][\/et_pb_image][et_pb_image src=&#8221;https:\/\/misionerasdelacaridad.avir.consulting\/wp-content\/uploads\/2024\/06\/P-Moises-Acompanante.png&#8221; title_text=&#8221;P- Moises Acompan\u0303ante&#8221; _builder_version=&#8221;4.25.1&#8243; _module_preset=&#8221;default&#8221; animation_style=&#8221;fade&#8221; global_colors_info=&#8221;{}&#8221;][\/et_pb_image][\/et_pb_column][\/et_pb_row][et_pb_row column_structure=&#8221;1_2,1_2&#8243; _builder_version=&#8221;4.25.1&#8243; _module_preset=&#8221;default&#8221; global_colors_info=&#8221;{}&#8221;][et_pb_column type=&#8221;1_2&#8243; _builder_version=&#8221;4.25.1&#8243; _module_preset=&#8221;default&#8221; global_colors_info=&#8221;{}&#8221;][et_pb_button button_url=&#8221;https:\/\/moisesliraserafin.com.mx\/?fbclid=IwY2xjawM1SkhleHRuA2FlbQIxMABicmlkETFJTWozU1ZOSXdYeGdtamp6AR7BK5GCqRZkkcTY5Ad3G9ETItWDMI4Hdt3zcwXFeuBgpj-Fy39FhIV3fHQs0g_aem_RilL93gVHVbIDnY92hSYeA&#8221; button_text=&#8221;Pagina web oficial&#8221; _builder_version=&#8221;4.27.2&#8243; _module_preset=&#8221;default&#8221; custom_button=&#8221;on&#8221; button_bg_color=&#8221;#ffd000&#8243; button_font=&#8221;Montserrat|700|||||||&#8221; button_icon=&#8221;&#xe0e3;||divi||400&#8243; background_layout=&#8221;dark&#8221; hover_enabled=&#8221;0&#8243; box_shadow_style=&#8221;preset1&#8243; global_colors_info=&#8221;{}&#8221; sticky_enabled=&#8221;0&#8243;][\/et_pb_button][\/et_pb_column][et_pb_column type=&#8221;1_2&#8243; _builder_version=&#8221;4.25.1&#8243; _module_preset=&#8221;default&#8221; global_colors_info=&#8221;{}&#8221;][et_pb_button button_url=&#8221;https:\/\/www.facebook.com\/profile.php?id=61556689242292&#8243; button_text=&#8221;P\u00e1gina Facebook &#8221; _builder_version=&#8221;4.27.2&#8243; _module_preset=&#8221;default&#8221; custom_button=&#8221;on&#8221; button_bg_color=&#8221;#ffd000&#8243; button_font=&#8221;Montserrat|700|||||||&#8221; button_icon=&#8221;&#xe0aa;||divi||400&#8243; background_layout=&#8221;dark&#8221; box_shadow_style=&#8221;preset1&#8243; global_colors_info=&#8221;{}&#8221;][\/et_pb_button][\/et_pb_column][\/et_pb_row][\/et_pb_section][et_pb_section fb_built=&#8221;1&#8243; _builder_version=&#8221;4.27.2&#8243; _module_preset=&#8221;default&#8221; global_colors_info=&#8221;{}&#8221;][et_pb_row _builder_version=&#8221;4.27.2&#8243; _module_preset=&#8221;default&#8221; global_colors_info=&#8221;{}&#8221;][et_pb_column type=&#8221;4_4&#8243; _builder_version=&#8221;4.27.2&#8243; _module_preset=&#8221;default&#8221; global_colors_info=&#8221;{}&#8221;][et_pb_video src=&#8221;https:\/\/youtu.be\/f1yIF95d4FI&#8221; _builder_version=&#8221;4.27.2&#8243; _module_preset=&#8221;default&#8221; global_colors_info=&#8221;{}&#8221;][\/et_pb_video][\/et_pb_column][\/et_pb_row][\/et_pb_section][et_pb_section fb_built=&#8221;1&#8243; fullwidth=&#8221;on&#8221; _builder_version=&#8221;4.27.2&#8243; _module_preset=&#8221;default&#8221; global_colors_info=&#8221;{}&#8221;][\/et_pb_section]<\/p>\n","protected":false},"excerpt":{"rendered":"<p>Reciente Beato mexicanoP. MOIS\u00c9S LIRA SERAF\u00cdNBEATO P. MOIS\u00c9S LIRA SERAF\u00cdN, MISIONERO DEL ESP\u00cdRITU SANTO Y FUNDADOR DE LAS MISIONERAS DE LA CARIDAD DE MAR\u00cdA INMACULADA. El P. Mois\u00e9s, fue declarado beato el 14 de septiembre de 2024 en la Insigne Nacional Bas\u00edlica de Guadalupe en la Ciudad de M\u00e9xico, por el cardenal Marcello\u00a0 Semeraro prefecto [&hellip;]<\/p>\n","protected":false},"author":1,"featured_media":0,"parent":0,"menu_order":0,"comment_status":"closed","ping_status":"closed","template":"","meta":{"_et_pb_use_builder":"on","_et_pb_old_content":"","_et_gb_content_width":"","footnotes":""},"class_list":["post-170","page","type-page","status-publish","hentry"],"_links":{"self":[{"href":"https:\/\/misionerasdelacaridad.avir.consulting\/index.php?rest_route=\/wp\/v2\/pages\/170"}],"collection":[{"href":"https:\/\/misionerasdelacaridad.avir.consulting\/index.php?rest_route=\/wp\/v2\/pages"}],"about":[{"href":"https:\/\/misionerasdelacaridad.avir.consulting\/index.php?rest_route=\/wp\/v2\/types\/page"}],"author":[{"embeddable":true,"href":"https:\/\/misionerasdelacaridad.avir.consulting\/index.php?rest_route=\/wp\/v2\/users\/1"}],"replies":[{"embeddable":true,"href":"https:\/\/misionerasdelacaridad.avir.consulting\/index.php?rest_route=%2Fwp%2Fv2%2Fcomments&post=170"}],"version-history":[{"count":12,"href":"https:\/\/misionerasdelacaridad.avir.consulting\/index.php?rest_route=\/wp\/v2\/pages\/170\/revisions"}],"predecessor-version":[{"id":1113,"href":"https:\/\/misionerasdelacaridad.avir.consulting\/index.php?rest_route=\/wp\/v2\/pages\/170\/revisions\/1113"}],"wp:attachment":[{"href":"https:\/\/misionerasdelacaridad.avir.consulting\/index.php?rest_route=%2Fwp%2Fv2%2Fmedia&parent=170"}],"curies":[{"name":"wp","href":"https:\/\/api.w.org\/{rel}","templated":true}]}}