{"id":133,"date":"2021-01-19T18:21:32","date_gmt":"2021-01-19T18:21:32","guid":{"rendered":"https:\/\/misionerasdelacaridad.avir.consulting\/?page_id=133"},"modified":"2024-06-06T07:11:00","modified_gmt":"2024-06-06T07:11:00","slug":"apostoles-de-la-bondad","status":"publish","type":"page","link":"https:\/\/misionerasdelacaridad.avir.consulting\/?page_id=133","title":{"rendered":"Ap\u00f3stoles de la bondad"},"content":{"rendered":"<p>[et_pb_section fb_built=&#8221;1&#8243; admin_label=&#8221;Hero Section&#8221; _builder_version=&#8221;4.23.1&#8243; use_background_color_gradient=&#8221;on&#8221; background_color_gradient_stops=&#8221;#000000 0%|rgba(0,0,0,0.75) 100%&#8221; background_color_gradient_start=&#8221;#000000&#8243; background_color_gradient_end=&#8221;rgba(0,0,0,0.75)&#8221; background_image=&#8221;https:\/\/misionerasdelacaridad.avir.consulting\/wp-content\/uploads\/2023\/11\/IMG-20230317-WA0011.jpg&#8221; parallax=&#8221;on&#8221; custom_margin=&#8221;|||&#8221; custom_padding=&#8221;8%||8%|&#8221; locked=&#8221;off&#8221; global_colors_info=&#8221;{}&#8221;][et_pb_row _builder_version=&#8221;4.16&#8243; background_size=&#8221;initial&#8221; background_position=&#8221;top_left&#8221; background_repeat=&#8221;repeat&#8221; global_colors_info=&#8221;{}&#8221;][et_pb_column type=&#8221;4_4&#8243; _builder_version=&#8221;4.16&#8243; custom_padding=&#8221;|||&#8221; global_colors_info=&#8221;{}&#8221; custom_padding__hover=&#8221;|||&#8221;][et_pb_text admin_label=&#8221;Title&#8221; _builder_version=&#8221;4.16&#8243; text_font=&#8221;Quattrocento||||||||&#8221; text_font_size=&#8221;22px&#8221; text_line_height=&#8221;2em&#8221; header_font=&#8221;Quattrocento|||on|||||&#8221; header_text_align=&#8221;center&#8221; header_font_size=&#8221;80px&#8221; header_letter_spacing=&#8221;6px&#8221; header_line_height=&#8221;1.4em&#8221; text_orientation=&#8221;center&#8221; background_layout=&#8221;dark&#8221; max_width=&#8221;800px&#8221; module_alignment=&#8221;center&#8221; animation_style=&#8221;slide&#8221; animation_direction=&#8221;top&#8221; animation_intensity_slide=&#8221;3%&#8221; animation_starting_opacity=&#8221;100%&#8221; header_font_size_tablet=&#8221;40px&#8221; header_font_size_phone=&#8221;&#8221; header_font_size_last_edited=&#8221;on|tablet&#8221; global_colors_info=&#8221;{}&#8221;]<\/p>\n<h1><b>Ap\u00f3stoles de la bondad<\/b><\/h1>\n<p>&nbsp;<\/p>\n<p>&nbsp;<\/p>\n<p><b><\/b><\/p>\n<p><b><\/b><\/p>\n<p>[\/et_pb_text][\/et_pb_column][\/et_pb_row][\/et_pb_section][et_pb_section fb_built=&#8221;1&#8243; next_background_color=&#8221;#1fa4a9&#8243; admin_label=&#8221;Video&#8221; _builder_version=&#8221;4.25.1&#8243; background_color_gradient_direction=&#8221;80deg&#8221; custom_padding=&#8221;90px||0px|&#8221; bottom_divider_style=&#8221;wave2&#8243; bottom_divider_height=&#8221;150px&#8221; hover_enabled=&#8221;0&#8243; global_colors_info=&#8221;{}&#8221; title_text=&#8221;fondos pagina copia&#8221; background_image=&#8221;https:\/\/misionerasdelacaridad.avir.consulting\/wp-content\/uploads\/2024\/06\/fondos-pagina-copia.png&#8221; sticky_enabled=&#8221;0&#8243;][et_pb_row _builder_version=&#8221;4.16&#8243; custom_padding=&#8221;27px|0px|0px|0px&#8221; global_colors_info=&#8221;{}&#8221;][et_pb_column type=&#8221;4_4&#8243; _builder_version=&#8221;4.16&#8243; custom_padding=&#8221;|||&#8221; global_colors_info=&#8221;{}&#8221; custom_padding__hover=&#8221;|||&#8221;][et_pb_divider color=&#8221;#88d4f2&#8243; divider_weight=&#8221;4px&#8221; _builder_version=&#8221;4.16&#8243; max_width=&#8221;60px&#8221; max_width_tablet=&#8221;10%&#8221; max_width_last_edited=&#8221;off|desktop&#8221; module_alignment=&#8221;center&#8221; height=&#8221;4px&#8221; animation_style=&#8221;slide&#8221; animation_direction=&#8221;top&#8221; animation_intensity_slide=&#8221;5%&#8221; animation_starting_opacity=&#8221;100%&#8221; global_colors_info=&#8221;{}&#8221;][\/et_pb_divider][et_pb_text _builder_version=&#8221;4.16&#8243; text_font=&#8221;Nunito||||||||&#8221; text_text_color=&#8221;#3f3f3f&#8221; text_font_size=&#8221;22px&#8221; text_line_height=&#8221;1.4em&#8221; header_font=&#8221;||||||||&#8221; header_2_font=&#8221;||||||||&#8221; text_orientation=&#8221;center&#8221; max_width=&#8221;700px&#8221; module_alignment=&#8221;center&#8221; animation_style=&#8221;slide&#8221; animation_direction=&#8221;top&#8221; animation_intensity_slide=&#8221;5%&#8221; animation_starting_opacity=&#8221;100%&#8221; global_colors_info=&#8221;{}&#8221;]<\/p>\n<p><span style=\"font-weight: 400;\">Los asociados Ap\u00f3stoles de la Bondad<\/span><i><span style=\"font-weight: 400;\">, somos un sue\u00f1o del Padre Mois\u00e9s\u00a0 Lira Seraf\u00edn<\/span><\/i><span style=\"font-weight: 400;\">, quien, al fundar la Congregaci\u00f3n de Misioneras de la\u00a0 Caridad de Mar\u00eda Inmaculada, (1934) deseaba formar un grupo que completara la realizaci\u00f3n de la obra que ellas llevaban a cabo, <\/span><i><span style=\"font-weight: 400;\">que\u00a0 trabajaran seriamente en su propia santificaci\u00f3n<\/span><\/i><span style=\"font-weight: 400;\">, adem\u00e1s, trabajar en una obra de asistencia a los m\u00e1s necesitados.<\/span><\/p>\n<p><span style=\"font-weight: 400;\">Los Ap\u00f3stoles de la Bondad somos en la Iglesia, un grupo de cristianos, que, al impulso del Esp\u00edritu, seguimos a Jesucristo Hijo amado y\u00a0 complaciente del Padre, promovemos la comuni\u00f3n y colaboramos, haciendo extensivo el vivir conscientemente la filiaci\u00f3n divina recibida en el bautismo.<\/span><\/p>\n<p><span style=\"font-weight: 400;\">Nos nutrimos del Carisma y la misi\u00f3n de las Misioneras de la Caridad de\u00a0 Mar\u00eda Inmaculada.<\/span><\/p>\n<p><span style=\"font-weight: 400;\">Todo bautizado laico que se identifique con la\u00a0 espiritualidad, puede pertenecer a los Ap\u00f3stoles de la Bondad.<\/span><\/p>\n<p style=\"text-align: center;\">\n<p><span style=\"font-weight: 400;\">\u00bfTe gustar\u00eda ser Ap\u00f3stol de la Bondad? Comun\u00edcate con nosotros.\u00a0<\/span><\/p>\n<p><b>Coordinadora Sra. Jovita Melchor Mota 444 512 3141\u00a0<\/b><\/p>\n<p>[\/et_pb_text][et_pb_video src_webm=&#8221;https:\/\/misionerasdelacaridad.avir.consulting\/wp-content\/uploads\/2023\/11\/196002815_559998131824022_3997385809360701431_n.mp4&#8243; _builder_version=&#8221;4.23.1&#8243; custom_margin=&#8221;70px|||&#8221; animation_style=&#8221;zoom&#8221; animation_intensity_zoom=&#8221;10%&#8221; border_radii=&#8221;on|20px|20px|20px|20px&#8221; box_shadow_style=&#8221;preset3&#8243; box_shadow_vertical=&#8221;24px&#8221; box_shadow_blur=&#8221;36px&#8221; box_shadow_color=&#8221;rgba(155,190,204,0.2)&#8221; global_colors_info=&#8221;{}&#8221;][\/et_pb_video][\/et_pb_column][\/et_pb_row][\/et_pb_section][et_pb_section fb_built=&#8221;1&#8243; admin_label=&#8221;Subscribe&#8221; _builder_version=&#8221;4.16&#8243; background_color=&#8221;#1fa4a9&#8243; background_enable_image=&#8221;off&#8221; background_size=&#8221;initial&#8221; custom_padding=&#8221;0px|0px|54px|0px||&#8221; global_colors_info=&#8221;{}&#8221;][et_pb_row _builder_version=&#8221;4.16&#8243; _module_preset=&#8221;default&#8221; global_colors_info=&#8221;{}&#8221;][et_pb_column type=&#8221;4_4&#8243; _builder_version=&#8221;4.16&#8243; _module_preset=&#8221;default&#8221; global_colors_info=&#8221;{}&#8221;][et_pb_text admin_label=&#8221;Title &#8221; _builder_version=&#8221;4.16&#8243; text_font=&#8221;Nunito||||||||&#8221; text_font_size=&#8221;18px&#8221; text_line_height=&#8221;1.8em&#8221; header_font=&#8221;Fredoka One||||||||&#8221; header_font_size=&#8221;52px&#8221; header_line_height=&#8221;1.3em&#8221; text_orientation=&#8221;center&#8221; background_layout=&#8221;dark&#8221; max_width=&#8221;700px&#8221; module_alignment=&#8221;center&#8221; custom_margin=&#8221;||10px|&#8221; animation_style=&#8221;fade&#8221; global_colors_info=&#8221;{}&#8221;]<\/p>\n<h1>Galer\u00eda<\/h1>\n<p>[\/et_pb_text][et_pb_gallery gallery_ids=&#8221;822,824,775,776,777,778,779,780,781,782,783,784,785,786,787,788,817,818,819,820,821,823,825,826,827,828,829,830&#8243; gallery_orderby=&#8221;rand&#8221; _builder_version=&#8221;4.25.1&#8243; _module_preset=&#8221;default&#8221; hover_enabled=&#8221;0&#8243; global_colors_info=&#8221;{}&#8221; animation_style=&#8221;fade&#8221; z_index=&#8221;0&#8243; orientation=&#8221;portrait&#8221; hover_icon=&#8221;&#x3d;||divi||400&#8243; sticky_enabled=&#8221;0&#8243;][\/et_pb_gallery][\/et_pb_column][\/et_pb_row][\/et_pb_section]<\/p>\n","protected":false},"excerpt":{"rendered":"<p>Ap\u00f3stoles de la bondad &nbsp; &nbsp; Los asociados Ap\u00f3stoles de la Bondad, somos un sue\u00f1o del Padre Mois\u00e9s\u00a0 Lira Seraf\u00edn, quien, al fundar la Congregaci\u00f3n de Misioneras de la\u00a0 Caridad de Mar\u00eda Inmaculada, (1934) deseaba formar un grupo que completara la realizaci\u00f3n de la obra que ellas llevaban a cabo, que\u00a0 trabajaran seriamente en su [&hellip;]<\/p>\n","protected":false},"author":1,"featured_media":0,"parent":0,"menu_order":0,"comment_status":"closed","ping_status":"closed","template":"","meta":{"_et_pb_use_builder":"on","_et_pb_old_content":"<!-- wp:divi\/placeholder \/-->","_et_gb_content_width":"","footnotes":""},"class_list":["post-133","page","type-page","status-publish","hentry"],"_links":{"self":[{"href":"https:\/\/misionerasdelacaridad.avir.consulting\/index.php?rest_route=\/wp\/v2\/pages\/133"}],"collection":[{"href":"https:\/\/misionerasdelacaridad.avir.consulting\/index.php?rest_route=\/wp\/v2\/pages"}],"about":[{"href":"https:\/\/misionerasdelacaridad.avir.consulting\/index.php?rest_route=\/wp\/v2\/types\/page"}],"author":[{"embeddable":true,"href":"https:\/\/misionerasdelacaridad.avir.consulting\/index.php?rest_route=\/wp\/v2\/users\/1"}],"replies":[{"embeddable":true,"href":"https:\/\/misionerasdelacaridad.avir.consulting\/index.php?rest_route=%2Fwp%2Fv2%2Fcomments&post=133"}],"version-history":[{"count":5,"href":"https:\/\/misionerasdelacaridad.avir.consulting\/index.php?rest_route=\/wp\/v2\/pages\/133\/revisions"}],"predecessor-version":[{"id":1023,"href":"https:\/\/misionerasdelacaridad.avir.consulting\/index.php?rest_route=\/wp\/v2\/pages\/133\/revisions\/1023"}],"wp:attachment":[{"href":"https:\/\/misionerasdelacaridad.avir.consulting\/index.php?rest_route=%2Fwp%2Fv2%2Fmedia&parent=133"}],"curies":[{"name":"wp","href":"https:\/\/api.w.org\/{rel}","templated":true}]}}