{"id":115,"date":"2021-01-19T18:07:23","date_gmt":"2021-01-19T18:07:23","guid":{"rendered":"https:\/\/misionerasdelacaridad.avir.consulting\/?page_id=115"},"modified":"2025-09-11T16:32:56","modified_gmt":"2025-09-11T16:32:56","slug":"quienes-somos","status":"publish","type":"page","link":"https:\/\/misionerasdelacaridad.avir.consulting\/?page_id=115","title":{"rendered":"Quienes somos"},"content":{"rendered":"<p>[et_pb_section fb_built=&#8221;1&#8243; prev_background_color=&#8221;#ffffff&#8221; admin_label=&#8221;Services&#8221; _builder_version=&#8221;4.23.1&#8243; background_color=&#8221;#FFFFFF&#8221; use_background_color_gradient=&#8221;on&#8221; background_color_gradient_direction=&#8221;181deg&#8221; background_color_gradient_stops=&#8221;#ffffff 0%|#0bb3bf 100%&#8221; background_color_gradient_start=&#8221;#ffffff&#8221; background_color_gradient_end=&#8221;#87d4f2&#8243; background_enable_image=&#8221;off&#8221; background_size=&#8221;initial&#8221; background_blend=&#8221;overlay&#8221; custom_padding=&#8221;120px||120px|&#8221; top_divider_style=&#8221;wave&#8221; top_divider_height=&#8221;106px&#8221; global_colors_info=&#8221;{}&#8221;][et_pb_row _builder_version=&#8221;4.16&#8243; custom_margin=&#8221;30px|||&#8221; global_colors_info=&#8221;{}&#8221;][et_pb_column type=&#8221;4_4&#8243; _builder_version=&#8221;4.16&#8243; custom_padding=&#8221;|||&#8221; global_colors_info=&#8221;{}&#8221; custom_padding__hover=&#8221;|||&#8221;][et_pb_text _builder_version=&#8221;4.16&#8243; text_font=&#8221;||||||||&#8221; header_font=&#8221;||||||||&#8221; header_text_align=&#8221;center&#8221; header_2_font=&#8221;Fredoka One||||||||&#8221; header_2_text_color=&#8221;#262f71&#8243; header_2_font_size=&#8221;46px&#8221; text_orientation=&#8221;center&#8221; background_layout=&#8221;dark&#8221; max_width=&#8221;700px&#8221; module_alignment=&#8221;center&#8221; animation_style=&#8221;slide&#8221; animation_direction=&#8221;top&#8221; animation_intensity_slide=&#8221;5%&#8221; animation_starting_opacity=&#8221;100%&#8221; global_colors_info=&#8221;{}&#8221;]<\/p>\n<h2>Perfil de la Misionera de la Caridad de Mar\u00eda Inmaculada.<span><\/span><\/h2>\n<p>[\/et_pb_text][et_pb_divider color=&#8221;rgba(255,255,255,0.5)&#8221; divider_weight=&#8221;4px&#8221; _builder_version=&#8221;4.16&#8243; max_width=&#8221;60px&#8221; max_width_tablet=&#8221;11%&#8221; max_width_last_edited=&#8221;off|desktop&#8221; module_alignment=&#8221;center&#8221; height=&#8221;4px&#8221; animation_style=&#8221;slide&#8221; animation_direction=&#8221;top&#8221; animation_intensity_slide=&#8221;5%&#8221; animation_starting_opacity=&#8221;100%&#8221; global_colors_info=&#8221;{}&#8221;][\/et_pb_divider][\/et_pb_column][\/et_pb_row][et_pb_row column_structure=&#8221;1_3,1_3,1_3&#8243; _builder_version=&#8221;4.25.1&#8243; custom_margin=&#8221;30px|||&#8221; animation_style=&#8221;slide&#8221; global_colors_info=&#8221;{}&#8221;][et_pb_column type=&#8221;1_3&#8243; _builder_version=&#8221;4.16&#8243; custom_padding=&#8221;|||&#8221; global_colors_info=&#8221;{}&#8221; custom_padding__hover=&#8221;|||&#8221;][et_pb_image src=&#8221;https:\/\/misionerasdelacaridad.avir.consulting\/wp-content\/uploads\/2024\/05\/perfil-mcmi-1.png&#8221; title_text=&#8221;perfil mcmi 1&#8243; _builder_version=&#8221;4.25.1&#8243; _module_preset=&#8221;default&#8221; global_colors_info=&#8221;{}&#8221;][\/et_pb_image][et_pb_blurb image_icon_width_tablet=&#8221;80%&#8221; image_icon_width_last_edited=&#8221;off|desktop&#8221; _builder_version=&#8221;4.16&#8243; header_font=&#8221;Fredoka One||||||||&#8221; header_font_size=&#8221;16px&#8221; header_line_height=&#8221;1.3em&#8221; body_font=&#8221;Nunito|800|||||||&#8221; body_text_color=&#8221;#262f71&#8243; body_font_size=&#8221;22px&#8221; body_line_height=&#8221;1.4em&#8221; text_orientation=&#8221;center&#8221; background_layout=&#8221;dark&#8221; custom_margin=&#8221;|||&#8221; custom_padding=&#8221;|||&#8221; animation_style=&#8221;fade&#8221; animation=&#8221;off&#8221; border_radii_image=&#8221;on|10px|10px|10px|10px&#8221; border_width_all_image=&#8221;10px&#8221; border_color_all_image=&#8221;#ffffff&#8221; box_shadow_style_image=&#8221;preset3&#8243; box_shadow_color_image=&#8221;rgba(175,196,204,0.2)&#8221; image_max_width_tablet=&#8221;80%&#8221; image_max_width_last_edited=&#8221;off|desktop&#8221; global_colors_info=&#8221;{}&#8221;]<\/p>\n<p><span><\/span><span>Soy una mujer humana, fraterna, con un gran esp\u00edritu de fe y siempre disponible para la misi\u00f3n.<\/span><\/p>\n<p>[\/et_pb_blurb][\/et_pb_column][et_pb_column type=&#8221;1_3&#8243; _builder_version=&#8221;4.16&#8243; custom_padding=&#8221;|||&#8221; global_colors_info=&#8221;{}&#8221; custom_padding__hover=&#8221;|||&#8221;][et_pb_image src=&#8221;https:\/\/misionerasdelacaridad.avir.consulting\/wp-content\/uploads\/2024\/05\/perfil-mcmi-3-copia.png&#8221; title_text=&#8221;perfil mcmi 3 copia&#8221; _builder_version=&#8221;4.25.1&#8243; _module_preset=&#8221;default&#8221; global_colors_info=&#8221;{}&#8221;][\/et_pb_image][et_pb_blurb _builder_version=&#8221;4.16&#8243; header_font=&#8221;Fredoka One||||||||&#8221; header_font_size=&#8221;16px&#8221; header_line_height=&#8221;1.3em&#8221; body_font=&#8221;Nunito|800|||||||&#8221; body_text_color=&#8221;#262f71&#8243; body_font_size=&#8221;22px&#8221; body_line_height=&#8221;1.4em&#8221; text_orientation=&#8221;center&#8221; background_layout=&#8221;dark&#8221; custom_margin=&#8221;|||&#8221; custom_padding=&#8221;|||&#8221; animation_style=&#8221;fade&#8221; animation=&#8221;off&#8221; border_radii_image=&#8221;on|10px|10px|10px|10px&#8221; border_width_all_image=&#8221;10px&#8221; border_color_all_image=&#8221;#ffffff&#8221; box_shadow_style_image=&#8221;preset3&#8243; box_shadow_color_image=&#8221;rgba(175,196,204,0.2)&#8221; global_colors_info=&#8221;{}&#8221;]<\/p>\n<p><span><\/span><span>Por vocaci\u00f3n, estoy llamada a hacer presente en la Iglesia y en el mundo el rostro alegre, compasivo y misericordioso de Dios Padre.<\/span><\/p>\n<p>[\/et_pb_blurb][\/et_pb_column][et_pb_column type=&#8221;1_3&#8243; _builder_version=&#8221;4.16&#8243; custom_padding=&#8221;|||&#8221; global_colors_info=&#8221;{}&#8221; custom_padding__hover=&#8221;|||&#8221;][et_pb_image src=&#8221;https:\/\/misionerasdelacaridad.avir.consulting\/wp-content\/uploads\/2024\/05\/perfil-mcmi-2-copia-1.png&#8221; title_text=&#8221;perfil mcmi 2 copia&#8221; _builder_version=&#8221;4.25.1&#8243; _module_preset=&#8221;default&#8221; global_colors_info=&#8221;{}&#8221;][\/et_pb_image][et_pb_blurb _builder_version=&#8221;4.27.2&#8243; header_font=&#8221;Fredoka One||||||||&#8221; header_font_size=&#8221;16px&#8221; header_line_height=&#8221;1.3em&#8221; body_font=&#8221;Nunito|800|||||||&#8221; body_text_color=&#8221;#262f71&#8243; body_font_size=&#8221;22px&#8221; body_line_height=&#8221;1.4em&#8221; text_orientation=&#8221;center&#8221; background_layout=&#8221;dark&#8221; custom_margin=&#8221;|||&#8221; custom_padding=&#8221;|||&#8221; animation_style=&#8221;fade&#8221; animation=&#8221;off&#8221; hover_enabled=&#8221;0&#8243; border_radii_image=&#8221;on|10px|10px|10px|10px&#8221; border_width_all_image=&#8221;10px&#8221; border_color_all_image=&#8221;#ffffff&#8221; box_shadow_style_image=&#8221;preset3&#8243; box_shadow_color_image=&#8221;rgba(175,196,204,0.2)&#8221; global_colors_info=&#8221;{}&#8221; sticky_enabled=&#8221;0&#8243;]<\/p>\n<p style=\"text-align: center;\"><span><\/span>Oriento toda mi vida al anuncio de la Filiacion Divina y Mariana.<\/p>\n<p>[\/et_pb_blurb][\/et_pb_column][\/et_pb_row][et_pb_row column_structure=&#8221;1_3,1_3,1_3&#8243; _builder_version=&#8221;4.25.1&#8243; custom_margin=&#8221;30px|||&#8221; animation_style=&#8221;fade&#8221; global_colors_info=&#8221;{}&#8221;][et_pb_column type=&#8221;1_3&#8243; _builder_version=&#8221;4.16&#8243; custom_padding=&#8221;|||&#8221; global_colors_info=&#8221;{}&#8221; custom_padding__hover=&#8221;|||&#8221;][et_pb_blurb image_icon_background_color=&#8221;RGBA(255,255,255,0)&#8221; image=&#8221;https:\/\/misionerasdelacaridad.avir.consulting\/wp-content\/uploads\/2024\/05\/perfil-mcmi-5.png&#8221; _builder_version=&#8221;4.25.1&#8243; header_font=&#8221;Fredoka One||||||||&#8221; header_font_size=&#8221;16px&#8221; header_line_height=&#8221;1.3em&#8221; body_font=&#8221;Nunito|800|||||||&#8221; body_text_color=&#8221;#262f71&#8243; body_font_size=&#8221;22px&#8221; body_line_height=&#8221;1.4em&#8221; text_orientation=&#8221;center&#8221; background_layout=&#8221;dark&#8221; custom_margin=&#8221;|||&#8221; custom_padding=&#8221;|||&#8221; animation_style=&#8221;slide&#8221; animation=&#8221;off&#8221; border_radii_image=&#8221;on|10px|10px|10px|10px&#8221; border_width_all_image=&#8221;10px&#8221; border_color_all_image=&#8221;#ffffff&#8221; border_width_top_image=&#8221;0px&#8221; border_width_right_image=&#8221;0px&#8221; border_width_bottom_image=&#8221;0px&#8221; border_width_left_image=&#8221;0px&#8221; box_shadow_style_image=&#8221;preset3&#8243; box_shadow_color_image=&#8221;rgba(175,196,204,0.2)&#8221; global_colors_info=&#8221;{}&#8221;][\/et_pb_blurb][et_pb_blurb _builder_version=&#8221;4.16&#8243; header_font=&#8221;Fredoka One||||||||&#8221; header_font_size=&#8221;16px&#8221; header_line_height=&#8221;1.3em&#8221; body_font=&#8221;Nunito|800|||||||&#8221; body_text_color=&#8221;#262f71&#8243; body_font_size=&#8221;22px&#8221; body_line_height=&#8221;1.4em&#8221; text_orientation=&#8221;center&#8221; background_layout=&#8221;dark&#8221; custom_margin=&#8221;|||&#8221; custom_padding=&#8221;|||&#8221; animation_style=&#8221;fade&#8221; animation=&#8221;off&#8221; border_radii_image=&#8221;on|10px|10px|10px|10px&#8221; border_width_all_image=&#8221;10px&#8221; border_color_all_image=&#8221;#ffffff&#8221; box_shadow_style_image=&#8221;preset3&#8243; box_shadow_color_image=&#8221;rgba(175,196,204,0.2)&#8221; global_colors_info=&#8221;{}&#8221;]<\/p>\n<p><span><\/span>Ideal: Llegar a la identificaci\u00f3n con Cristo el \u201cHijo de las Divinas Complacencias\u201d.<\/p>\n<p>[\/et_pb_blurb][\/et_pb_column][et_pb_column type=&#8221;1_3&#8243; _builder_version=&#8221;4.16&#8243; custom_padding=&#8221;|||&#8221; global_colors_info=&#8221;{}&#8221; custom_padding__hover=&#8221;|||&#8221;][et_pb_blurb image_icon_background_color=&#8221;RGBA(255,255,255,0)&#8221; image=&#8221;https:\/\/misionerasdelacaridad.avir.consulting\/wp-content\/uploads\/2024\/05\/perfil-mcmi-4-1.png&#8221; _builder_version=&#8221;4.25.1&#8243; header_font=&#8221;Fredoka One||||||||&#8221; header_font_size=&#8221;16px&#8221; header_line_height=&#8221;1.3em&#8221; body_font=&#8221;Nunito|800|||||||&#8221; body_text_color=&#8221;#262f71&#8243; body_font_size=&#8221;22px&#8221; body_line_height=&#8221;1.4em&#8221; text_orientation=&#8221;center&#8221; background_layout=&#8221;dark&#8221; custom_margin=&#8221;|||&#8221; custom_padding=&#8221;|||&#8221; animation_style=&#8221;slide&#8221; animation=&#8221;off&#8221; border_radii_image=&#8221;on|10px|10px|10px|10px&#8221; border_width_all_image=&#8221;10px&#8221; border_color_all_image=&#8221;#ffffff&#8221; border_width_top_image=&#8221;0px&#8221; border_width_right_image=&#8221;0px&#8221; border_width_bottom_image=&#8221;0px&#8221; border_width_left_image=&#8221;0px&#8221; box_shadow_style_image=&#8221;preset3&#8243; box_shadow_color_image=&#8221;rgba(175,196,204,0.2)&#8221; global_colors_info=&#8221;{}&#8221;][\/et_pb_blurb][et_pb_blurb _builder_version=&#8221;4.16&#8243; header_font=&#8221;Fredoka One||||||||&#8221; header_font_size=&#8221;16px&#8221; header_line_height=&#8221;1.3em&#8221; body_font=&#8221;Nunito|800|||||||&#8221; body_text_color=&#8221;#262f71&#8243; body_font_size=&#8221;22px&#8221; body_line_height=&#8221;1.4em&#8221; text_orientation=&#8221;center&#8221; background_layout=&#8221;dark&#8221; custom_margin=&#8221;|||&#8221; custom_padding=&#8221;|||&#8221; animation_style=&#8221;fade&#8221; animation=&#8221;off&#8221; border_radii_image=&#8221;on|10px|10px|10px|10px&#8221; border_width_all_image=&#8221;10px&#8221; border_color_all_image=&#8221;#ffffff&#8221; box_shadow_style_image=&#8221;preset3&#8243; box_shadow_color_image=&#8221;rgba(175,196,204,0.2)&#8221; global_colors_info=&#8221;{}&#8221;]<\/p>\n<p><span><\/span>Felicidad: Agradar a Dios nuestro Padre, por la vivencia de las virtudes de humildad, caridad, alegr\u00eda, pureza y obediencia.<\/p>\n<p>[\/et_pb_blurb][\/et_pb_column][et_pb_column type=&#8221;1_3&#8243; _builder_version=&#8221;4.16&#8243; custom_padding=&#8221;|||&#8221; global_colors_info=&#8221;{}&#8221; custom_padding__hover=&#8221;|||&#8221;][et_pb_image src=&#8221;https:\/\/misionerasdelacaridad.avir.consulting\/wp-content\/uploads\/2024\/05\/perfil-mcmi-6.png&#8221; title_text=&#8221;perfil mcmi 6&#8243; _builder_version=&#8221;4.25.1&#8243; _module_preset=&#8221;default&#8221; global_colors_info=&#8221;{}&#8221;][\/et_pb_image][et_pb_blurb _builder_version=&#8221;4.25.1&#8243; header_font=&#8221;Fredoka One||||||||&#8221; header_font_size=&#8221;16px&#8221; header_line_height=&#8221;1.3em&#8221; body_font=&#8221;Nunito|800|||||||&#8221; body_text_color=&#8221;#262f71&#8243; body_font_size=&#8221;22px&#8221; body_line_height=&#8221;1.4em&#8221; text_orientation=&#8221;center&#8221; background_layout=&#8221;dark&#8221; custom_margin=&#8221;|||&#8221; custom_padding=&#8221;|||&#8221; animation_style=&#8221;fade&#8221; animation=&#8221;off&#8221; border_radii_image=&#8221;on|10px|10px|10px|10px&#8221; border_width_all_image=&#8221;10px&#8221; border_color_all_image=&#8221;#ffffff&#8221; box_shadow_style_image=&#8221;preset3&#8243; box_shadow_color_image=&#8221;rgba(175,196,204,0.2)&#8221; global_colors_info=&#8221;{}&#8221;]<\/p>\n<p><span><\/span>Formaci\u00f3n: humana, teol\u00f3gica, carism\u00e1tica, comunitaria y en las disciplinas de salud, educaci\u00f3n y misi\u00f3n.\u00a0<\/p>\n<p>[\/et_pb_blurb][\/et_pb_column][\/et_pb_row][et_pb_row column_structure=&#8221;1_3,1_3,1_3&#8243; _builder_version=&#8221;4.25.1&#8243; custom_margin=&#8221;30px|||&#8221; animation_style=&#8221;fade&#8221; global_colors_info=&#8221;{}&#8221;][et_pb_column type=&#8221;1_3&#8243; _builder_version=&#8221;4.16&#8243; custom_padding=&#8221;|||&#8221; global_colors_info=&#8221;{}&#8221; custom_padding__hover=&#8221;|||&#8221;][et_pb_image src=&#8221;https:\/\/misionerasdelacaridad.avir.consulting\/wp-content\/uploads\/2024\/05\/perfil-mcmi-7.png&#8221; title_text=&#8221;perfil mcmi 7&#8243; _builder_version=&#8221;4.25.1&#8243; _module_preset=&#8221;default&#8221; global_colors_info=&#8221;{}&#8221;][\/et_pb_image][et_pb_blurb _builder_version=&#8221;4.16&#8243; header_font=&#8221;Fredoka One||||||||&#8221; header_font_size=&#8221;16px&#8221; header_line_height=&#8221;1.3em&#8221; body_font=&#8221;Nunito|800|||||||&#8221; body_text_color=&#8221;#262f71&#8243; body_font_size=&#8221;22px&#8221; body_line_height=&#8221;1.4em&#8221; text_orientation=&#8221;center&#8221; background_layout=&#8221;dark&#8221; custom_margin=&#8221;|||&#8221; custom_padding=&#8221;|||&#8221; animation_style=&#8221;fade&#8221; animation=&#8221;off&#8221; border_radii_image=&#8221;on|10px|10px|10px|10px&#8221; border_width_all_image=&#8221;10px&#8221; border_color_all_image=&#8221;#ffffff&#8221; box_shadow_style_image=&#8221;preset3&#8243; box_shadow_color_image=&#8221;rgba(175,196,204,0.2)&#8221; global_colors_info=&#8221;{}&#8221;]<\/p>\n<p><span><\/span>Gu\u00eda: El Esp\u00edritu Santo. <span class=\"Apple-converted-space\">\u00a0<\/span><\/p>\n<p>[\/et_pb_blurb][\/et_pb_column][et_pb_column type=&#8221;1_3&#8243; _builder_version=&#8221;4.16&#8243; custom_padding=&#8221;|||&#8221; global_colors_info=&#8221;{}&#8221; custom_padding__hover=&#8221;|||&#8221;][et_pb_image src=&#8221;https:\/\/misionerasdelacaridad.avir.consulting\/wp-content\/uploads\/2024\/05\/perfil-mcmi-9.png&#8221; title_text=&#8221;perfil mcmi 9&#8243; _builder_version=&#8221;4.25.1&#8243; _module_preset=&#8221;default&#8221; global_colors_info=&#8221;{}&#8221;][\/et_pb_image][et_pb_blurb _builder_version=&#8221;4.16&#8243; header_font=&#8221;Fredoka One||||||||&#8221; header_font_size=&#8221;16px&#8221; header_line_height=&#8221;1.3em&#8221; body_font=&#8221;Nunito|800|||||||&#8221; body_text_color=&#8221;#262f71&#8243; body_font_size=&#8221;22px&#8221; body_line_height=&#8221;1.4em&#8221; text_orientation=&#8221;center&#8221; background_layout=&#8221;dark&#8221; custom_margin=&#8221;|||&#8221; custom_padding=&#8221;|||&#8221; animation_style=&#8221;fade&#8221; animation=&#8221;off&#8221; border_radii_image=&#8221;on|10px|10px|10px|10px&#8221; border_width_all_image=&#8221;10px&#8221; border_color_all_image=&#8221;#ffffff&#8221; box_shadow_style_image=&#8221;preset3&#8243; box_shadow_color_image=&#8221;rgba(175,196,204,0.2)&#8221; global_colors_info=&#8221;{}&#8221;]<\/p>\n<p><span><\/span>Lugar Preferido: Donde el Padre me env\u00ede por la obediencia.<\/p>\n<p>[\/et_pb_blurb][\/et_pb_column][et_pb_column type=&#8221;1_3&#8243; _builder_version=&#8221;4.16&#8243; custom_padding=&#8221;|||&#8221; global_colors_info=&#8221;{}&#8221; custom_padding__hover=&#8221;|||&#8221;][et_pb_image src=&#8221;https:\/\/misionerasdelacaridad.avir.consulting\/wp-content\/uploads\/2024\/05\/perfil-mcmi-8.png&#8221; title_text=&#8221;perfil mcmi 8&#8243; _builder_version=&#8221;4.25.1&#8243; _module_preset=&#8221;default&#8221; global_colors_info=&#8221;{}&#8221;][\/et_pb_image][et_pb_blurb _builder_version=&#8221;4.16&#8243; header_font=&#8221;Fredoka One||||||||&#8221; header_font_size=&#8221;16px&#8221; header_line_height=&#8221;1.3em&#8221; body_font=&#8221;Nunito|800|||||||&#8221; body_text_color=&#8221;#262f71&#8243; body_font_size=&#8221;22px&#8221; body_line_height=&#8221;1.4em&#8221; text_orientation=&#8221;center&#8221; background_layout=&#8221;dark&#8221; custom_margin=&#8221;|||&#8221; custom_padding=&#8221;|||&#8221; animation_style=&#8221;fade&#8221; animation=&#8221;off&#8221; border_radii_image=&#8221;on|10px|10px|10px|10px&#8221; border_width_all_image=&#8221;10px&#8221; border_color_all_image=&#8221;#ffffff&#8221; box_shadow_style_image=&#8221;preset3&#8243; box_shadow_color_image=&#8221;rgba(175,196,204,0.2)&#8221; global_colors_info=&#8221;{}&#8221;]<\/p>\n<p><span><\/span>Modelo: Jes\u00fas Hijo del Padre y de Mar\u00eda.<span class=\"Apple-converted-space\">\u00a0<\/span><\/p>\n<p>[\/et_pb_blurb][\/et_pb_column][\/et_pb_row][\/et_pb_section]<\/p>\n","protected":false},"excerpt":{"rendered":"<p>Perfil de la Misionera de la Caridad de Mar\u00eda Inmaculada.Soy una mujer humana, fraterna, con un gran esp\u00edritu de fe y siempre disponible para la misi\u00f3n.Por vocaci\u00f3n, estoy llamada a hacer presente en la Iglesia y en el mundo el rostro alegre, compasivo y misericordioso de Dios Padre.Oriento toda mi vida al anuncio de la [&hellip;]<\/p>\n","protected":false},"author":1,"featured_media":0,"parent":0,"menu_order":0,"comment_status":"closed","ping_status":"closed","template":"","meta":{"_et_pb_use_builder":"on","_et_pb_old_content":"<!-- wp:divi\/placeholder \/-->","_et_gb_content_width":"","footnotes":""},"class_list":["post-115","page","type-page","status-publish","hentry"],"_links":{"self":[{"href":"https:\/\/misionerasdelacaridad.avir.consulting\/index.php?rest_route=\/wp\/v2\/pages\/115"}],"collection":[{"href":"https:\/\/misionerasdelacaridad.avir.consulting\/index.php?rest_route=\/wp\/v2\/pages"}],"about":[{"href":"https:\/\/misionerasdelacaridad.avir.consulting\/index.php?rest_route=\/wp\/v2\/types\/page"}],"author":[{"embeddable":true,"href":"https:\/\/misionerasdelacaridad.avir.consulting\/index.php?rest_route=\/wp\/v2\/users\/1"}],"replies":[{"embeddable":true,"href":"https:\/\/misionerasdelacaridad.avir.consulting\/index.php?rest_route=%2Fwp%2Fv2%2Fcomments&post=115"}],"version-history":[{"count":6,"href":"https:\/\/misionerasdelacaridad.avir.consulting\/index.php?rest_route=\/wp\/v2\/pages\/115\/revisions"}],"predecessor-version":[{"id":1046,"href":"https:\/\/misionerasdelacaridad.avir.consulting\/index.php?rest_route=\/wp\/v2\/pages\/115\/revisions\/1046"}],"wp:attachment":[{"href":"https:\/\/misionerasdelacaridad.avir.consulting\/index.php?rest_route=%2Fwp%2Fv2%2Fmedia&parent=115"}],"curies":[{"name":"wp","href":"https:\/\/api.w.org\/{rel}","templated":true}]}}