{"id":111,"date":"2021-01-19T18:06:07","date_gmt":"2021-01-19T18:06:07","guid":{"rendered":"https:\/\/misionerasdelacaridad.avir.consulting\/?page_id=111"},"modified":"2023-11-06T04:12:31","modified_gmt":"2023-11-06T04:12:31","slug":"carisma","status":"publish","type":"page","link":"https:\/\/misionerasdelacaridad.avir.consulting\/?page_id=111","title":{"rendered":"Carisma"},"content":{"rendered":"<p>[et_pb_section fb_built=&#8221;1&#8243; fullwidth=&#8221;on&#8221; next_background_color=&#8221;#ffffff&#8221; admin_label=&#8221;Hero&#8221; _builder_version=&#8221;4.16&#8243; background_color=&#8221;#0C71C3&#8243; use_background_color_gradient=&#8221;on&#8221; background_color_gradient_direction=&#8221;165deg&#8221; background_color_gradient_stops=&#8221;#ffffff 40%|#0c71c3 100%&#8221; background_color_gradient_start=&#8221;#ffffff&#8221; background_color_gradient_start_position=&#8221;40%&#8221; background_color_gradient_end=&#8221;#0c71c3&#8243; background_enable_image=&#8221;off&#8221; bottom_divider_style=&#8221;wave2&#8243; bottom_divider_height=&#8221;150px&#8221; bottom_divider_flip=&#8221;horizontal&#8221; global_colors_info=&#8221;{}&#8221;][et_pb_fullwidth_header title=&#8221;Carisma.&#8221; background_overlay_color=&#8221;rgba(255,255,255,0.3)&#8221; header_image_url=&#8221;https:\/\/misionerasdelacaridad.avir.consulting\/wp-content\/uploads\/2021\/03\/mcmi21.png&#8221; _builder_version=&#8221;4.16&#8243; title_font=&#8221;Fredoka One||||||||&#8221; title_text_color=&#8221;#262f71&#8243; title_font_size=&#8221;50px&#8221; title_line_height=&#8221;1.3em&#8221; content_font=&#8221;||||||||&#8221; content_font_size=&#8221;16px&#8221; content_line_height=&#8221;1.8em&#8221; background_color=&#8221;rgba(255, 255, 255, 0)&#8221; background_enable_image=&#8221;off&#8221; custom_button_one=&#8221;on&#8221; button_one_text_size=&#8221;14px&#8221; button_one_text_color=&#8221;#ffffff&#8221; button_one_bg_color=&#8221;#ffb9cc&#8221; button_one_border_width=&#8221;8px&#8221; button_one_border_color=&#8221;#ffb9cc&#8221; button_one_border_radius=&#8221;100px&#8221; button_one_font=&#8221;Nunito|700||on|||||&#8221; button_one_use_icon=&#8221;off&#8221; custom_button_two=&#8221;on&#8221; button_two_text_size=&#8221;14px&#8221; button_two_text_color=&#8221;#88d4f2&#8243; button_two_border_width=&#8221;6px&#8221; button_two_border_color=&#8221;rgba(255,255,255,0)&#8221; button_two_border_radius=&#8221;86px&#8221; button_two_font=&#8221;Nunito|700||on|||||&#8221; button_two_use_icon=&#8221;off&#8221; background_layout=&#8221;light&#8221; custom_margin=&#8221;|||&#8221; custom_padding=&#8221;35px||198px|||&#8221; box_shadow_style_button_one=&#8221;preset3&#8243; box_shadow_color_button_one=&#8221;rgba(255,185,204,0.6)&#8221; box_shadow_style_button_two=&#8221;preset5&#8243; box_shadow_vertical_button_two=&#8221;0px&#8221; box_shadow_spread_button_two=&#8221;2px&#8221; box_shadow_color_button_two=&#8221;#88d4f2&#8243; button_two_text_color_hover=&#8221;#ffffff&#8221; button_two_border_color_hover=&#8221;#88d4f2&#8243; button_two_bg_color_hover=&#8221;#88d4f2&#8243; global_colors_info=&#8221;{}&#8221; button_one_text_size__hover_enabled=&#8221;off&#8221; button_two_text_size__hover_enabled=&#8221;off&#8221; button_one_text_color__hover_enabled=&#8221;off&#8221; button_two_text_color__hover_enabled=&#8221;on&#8221; button_two_text_color__hover=&#8221;#ffffff&#8221; button_one_border_width__hover_enabled=&#8221;off&#8221; button_two_border_width__hover_enabled=&#8221;off&#8221; button_one_border_color__hover_enabled=&#8221;off&#8221; button_two_border_color__hover_enabled=&#8221;on&#8221; button_two_border_color__hover=&#8221;#88d4f2&#8243; button_one_border_radius__hover_enabled=&#8221;off&#8221; button_two_border_radius__hover_enabled=&#8221;off&#8221; button_one_letter_spacing__hover_enabled=&#8221;off&#8221; button_two_letter_spacing__hover_enabled=&#8221;off&#8221; button_one_bg_color__hover_enabled=&#8221;off&#8221; button_two_bg_color__hover_enabled=&#8221;on&#8221; button_two_bg_color__hover=&#8221;#88d4f2&#8243;]<\/p>\n<p style=\"text-align: justify;\"><span><\/span>El carisma que hemos recibido de Dios para el bien de la Iglesia a trav\u00e9s de nuestro Fundador es vivir y transmitir la Filiaci\u00f3n Divina, desde el esp\u00edritu de peque\u00f1ez, haciendo siempre lo que agrada al Padre.<\/p>\n<p>[\/et_pb_fullwidth_header][\/et_pb_section][et_pb_section fb_built=&#8221;1&#8243; admin_label=&#8221;Feature&#8221; _builder_version=&#8221;4.16&#8243; background_image=&#8221;https:\/\/misionerasdelacaridad.avir.consulting\/wp-content\/uploads\/2021\/01\/babysitter-background-color-1.png&#8221; background_size=&#8221;initial&#8221; custom_padding=&#8221;||124px|||&#8221; global_colors_info=&#8221;{}&#8221;][et_pb_row _builder_version=&#8221;4.16&#8243; custom_margin=&#8221;|||&#8221; animation_style=&#8221;fade&#8221; global_colors_info=&#8221;{}&#8221;][et_pb_column type=&#8221;4_4&#8243; _builder_version=&#8221;4.16&#8243; custom_padding=&#8221;|||&#8221; global_colors_info=&#8221;{}&#8221; custom_padding__hover=&#8221;|||&#8221;][et_pb_text _builder_version=&#8221;4.23&#8243; text_font=&#8221;Fredoka One||||||||&#8221; text_font_size=&#8221;33px&#8221; header_font=&#8221;||||||||&#8221; header_text_color=&#8221;#262f71&#8243; header_2_font=&#8221;Fredoka One||||||||&#8221; header_2_text_color=&#8221;#262f71&#8243; header_2_font_size=&#8221;46px&#8221; header_2_line_height=&#8221;1.3em&#8221; animation_style=&#8221;slide&#8221; animation_direction=&#8221;top&#8221; animation_intensity_slide=&#8221;5%&#8221; animation_starting_opacity=&#8221;100%&#8221; hover_enabled=&#8221;0&#8243; global_colors_info=&#8221;{}&#8221; sticky_enabled=&#8221;0&#8243;]<\/p>\n<p style=\"text-align: center;\"><span><\/span>\u201d Nuestro modelo es el Hijo de las complacencias\u201d<\/p>\n<p>[\/et_pb_text][\/et_pb_column][\/et_pb_row][et_pb_row _builder_version=&#8221;4.16&#8243; _module_preset=&#8221;default&#8221; global_colors_info=&#8221;{}&#8221;][et_pb_column type=&#8221;4_4&#8243; _builder_version=&#8221;4.16&#8243; _module_preset=&#8221;default&#8221; global_colors_info=&#8221;{}&#8221;][et_pb_image src=&#8221;https:\/\/misionerasdelacaridad.avir.consulting\/wp-content\/uploads\/2023\/11\/9d054f83-29c5-42a5-8448-f15d47b04396.jpeg&#8221; title_text=&#8221;9d054f83-29c5-42a5-8448-f15d47b04396&#8243; _builder_version=&#8221;4.23&#8243; _module_preset=&#8221;default&#8221; animation_style=&#8221;fade&#8221; hover_enabled=&#8221;0&#8243; global_colors_info=&#8221;{}&#8221; sticky_enabled=&#8221;0&#8243;][\/et_pb_image][\/et_pb_column][\/et_pb_row][\/et_pb_section]<\/p>\n","protected":false},"excerpt":{"rendered":"<p>El carisma que hemos recibido de Dios para el bien de la Iglesia a trav\u00e9s de nuestro Fundador es vivir y transmitir la Filiaci\u00f3n Divina, desde el esp\u00edritu de peque\u00f1ez, haciendo siempre lo que agrada al Padre.\u201d Nuestro modelo es el Hijo de las complacencias\u201d<\/p>\n","protected":false},"author":1,"featured_media":0,"parent":0,"menu_order":0,"comment_status":"closed","ping_status":"closed","template":"","meta":{"_et_pb_use_builder":"on","_et_pb_old_content":"<!-- wp:divi\/placeholder \/-->","_et_gb_content_width":"","footnotes":""},"class_list":["post-111","page","type-page","status-publish","hentry"],"_links":{"self":[{"href":"https:\/\/misionerasdelacaridad.avir.consulting\/index.php?rest_route=\/wp\/v2\/pages\/111"}],"collection":[{"href":"https:\/\/misionerasdelacaridad.avir.consulting\/index.php?rest_route=\/wp\/v2\/pages"}],"about":[{"href":"https:\/\/misionerasdelacaridad.avir.consulting\/index.php?rest_route=\/wp\/v2\/types\/page"}],"author":[{"embeddable":true,"href":"https:\/\/misionerasdelacaridad.avir.consulting\/index.php?rest_route=\/wp\/v2\/users\/1"}],"replies":[{"embeddable":true,"href":"https:\/\/misionerasdelacaridad.avir.consulting\/index.php?rest_route=%2Fwp%2Fv2%2Fcomments&post=111"}],"version-history":[{"count":5,"href":"https:\/\/misionerasdelacaridad.avir.consulting\/index.php?rest_route=\/wp\/v2\/pages\/111\/revisions"}],"predecessor-version":[{"id":629,"href":"https:\/\/misionerasdelacaridad.avir.consulting\/index.php?rest_route=\/wp\/v2\/pages\/111\/revisions\/629"}],"wp:attachment":[{"href":"https:\/\/misionerasdelacaridad.avir.consulting\/index.php?rest_route=%2Fwp%2Fv2%2Fmedia&parent=111"}],"curies":[{"name":"wp","href":"https:\/\/api.w.org\/{rel}","templated":true}]}}